{"id":39,"date":"2020-10-16T15:05:19","date_gmt":"2020-10-16T12:05:19","guid":{"rendered":"https:\/\/redibikes.fi\/kauppa\/"},"modified":"2020-10-16T15:05:19","modified_gmt":"2020-10-16T12:05:19","slug":"kauppa","status":"publish","type":"page","link":"https:\/\/redibikes.fi\/fi\/kauppa\/","title":{"rendered":"Kauppa"},"content":{"rendered":"","protected":false},"excerpt":{"rendered":"","protected":false},"author":1,"featured_media":0,"parent":0,"menu_order":0,"comment_status":"closed","ping_status":"closed","template":"","meta":{"footnotes":""},"class_list":["post-39","page","type-page","status-publish","hentry"],"yoast_head":"<!-- This site is optimized with the Yoast SEO plugin v27.5 - https:\/\/yoast.com\/product\/yoast-seo-wordpress\/ -->\n<title>Kauppa - redibikes.fi<\/title>\n<meta name=\"robots\" content=\"index, follow, max-snippet:-1, max-image-preview:large, max-video-preview:-1\" \/>\n<link rel=\"canonical\" href=\"https:\/\/redibikes.fi\/fi\/kauppa\/\" \/>\n<meta property=\"og:locale\" content=\"fi_FI\" \/>\n<meta property=\"og:type\" content=\"article\" \/>\n<meta property=\"og:title\" content=\"Kauppa - redibikes.fi\" \/>\n<meta property=\"og:url\" content=\"https:\/\/redibikes.fi\/fi\/kauppa\/\" \/>\n<meta property=\"og:site_name\" content=\"redibikes.fi\" \/>\n<meta name=\"twitter:card\" content=\"summary_large_image\" \/>\n<script type=\"application\/ld+json\" class=\"yoast-schema-graph\">{\"@context\":\"https:\\\/\\\/schema.org\",\"@graph\":[{\"@type\":\"WebPage\",\"@id\":\"https:\\\/\\\/redibikes.fi\\\/fi\\\/kauppa\\\/\",\"url\":\"https:\\\/\\\/redibikes.fi\\\/fi\\\/kauppa\\\/\",\"name\":\"Kauppa - redibikes.fi\",\"isPartOf\":{\"@id\":\"https:\\\/\\\/redibikes.fi\\\/#website\"},\"datePublished\":\"2020-10-16T12:05:19+00:00\",\"breadcrumb\":{\"@id\":\"https:\\\/\\\/redibikes.fi\\\/fi\\\/kauppa\\\/#breadcrumb\"},\"inLanguage\":\"fi\",\"potentialAction\":[{\"@type\":\"ReadAction\",\"target\":[\"https:\\\/\\\/redibikes.fi\\\/fi\\\/kauppa\\\/\"]}]},{\"@type\":\"BreadcrumbList\",\"@id\":\"https:\\\/\\\/redibikes.fi\\\/fi\\\/kauppa\\\/#breadcrumb\",\"itemListElement\":[{\"@type\":\"ListItem\",\"position\":1,\"name\":\"Home\",\"item\":\"https:\\\/\\\/redibikes.fi\\\/fi\\\/\"},{\"@type\":\"ListItem\",\"position\":2,\"name\":\"Kauppa\"}]},{\"@type\":\"WebSite\",\"@id\":\"https:\\\/\\\/redibikes.fi\\\/#website\",\"url\":\"https:\\\/\\\/redibikes.fi\\\/\",\"name\":\"redibikes.fi\",\"description\":\"\u00c5terf\u00f6rs\u00e4ljare av Giant och Liv\",\"publisher\":{\"@id\":\"https:\\\/\\\/redibikes.fi\\\/#organization\"},\"potentialAction\":[{\"@type\":\"SearchAction\",\"target\":{\"@type\":\"EntryPoint\",\"urlTemplate\":\"https:\\\/\\\/redibikes.fi\\\/?s={search_term_string}\"},\"query-input\":{\"@type\":\"PropertyValueSpecification\",\"valueRequired\":true,\"valueName\":\"search_term_string\"}}],\"inLanguage\":\"fi\"},{\"@type\":\"Organization\",\"@id\":\"https:\\\/\\\/redibikes.fi\\\/#organization\",\"name\":\"redibikes.fi\",\"url\":\"https:\\\/\\\/redibikes.fi\\\/\",\"logo\":{\"@type\":\"ImageObject\",\"inLanguage\":\"fi\",\"@id\":\"https:\\\/\\\/redibikes.fi\\\/#\\\/schema\\\/logo\\\/image\\\/\",\"url\":\"https:\\\/\\\/redibikes.fi\\\/wp-content\\\/uploads\\\/2020\\\/10\\\/cropped-Full-logo-rektangul\u201er-f\u201erg.png\",\"contentUrl\":\"https:\\\/\\\/redibikes.fi\\\/wp-content\\\/uploads\\\/2020\\\/10\\\/cropped-Full-logo-rektangul\u201er-f\u201erg.png\",\"width\":1281,\"height\":447,\"caption\":\"redibikes.fi\"},\"image\":{\"@id\":\"https:\\\/\\\/redibikes.fi\\\/#\\\/schema\\\/logo\\\/image\\\/\"}}]}<\/script>\n<!-- \/ Yoast SEO plugin. -->","yoast_head_json":{"title":"Kauppa - redibikes.fi","robots":{"index":"index","follow":"follow","max-snippet":"max-snippet:-1","max-image-preview":"max-image-preview:large","max-video-preview":"max-video-preview:-1"},"canonical":"https:\/\/redibikes.fi\/fi\/kauppa\/","og_locale":"fi_FI","og_type":"article","og_title":"Kauppa - redibikes.fi","og_url":"https:\/\/redibikes.fi\/fi\/kauppa\/","og_site_name":"redibikes.fi","twitter_card":"summary_large_image","schema":{"@context":"https:\/\/schema.org","@graph":[{"@type":"WebPage","@id":"https:\/\/redibikes.fi\/fi\/kauppa\/","url":"https:\/\/redibikes.fi\/fi\/kauppa\/","name":"Kauppa - redibikes.fi","isPartOf":{"@id":"https:\/\/redibikes.fi\/#website"},"datePublished":"2020-10-16T12:05:19+00:00","breadcrumb":{"@id":"https:\/\/redibikes.fi\/fi\/kauppa\/#breadcrumb"},"inLanguage":"fi","potentialAction":[{"@type":"ReadAction","target":["https:\/\/redibikes.fi\/fi\/kauppa\/"]}]},{"@type":"BreadcrumbList","@id":"https:\/\/redibikes.fi\/fi\/kauppa\/#breadcrumb","itemListElement":[{"@type":"ListItem","position":1,"name":"Home","item":"https:\/\/redibikes.fi\/fi\/"},{"@type":"ListItem","position":2,"name":"Kauppa"}]},{"@type":"WebSite","@id":"https:\/\/redibikes.fi\/#website","url":"https:\/\/redibikes.fi\/","name":"redibikes.fi","description":"\u00c5terf\u00f6rs\u00e4ljare av Giant och Liv","publisher":{"@id":"https:\/\/redibikes.fi\/#organization"},"potentialAction":[{"@type":"SearchAction","target":{"@type":"EntryPoint","urlTemplate":"https:\/\/redibikes.fi\/?s={search_term_string}"},"query-input":{"@type":"PropertyValueSpecification","valueRequired":true,"valueName":"search_term_string"}}],"inLanguage":"fi"},{"@type":"Organization","@id":"https:\/\/redibikes.fi\/#organization","name":"redibikes.fi","url":"https:\/\/redibikes.fi\/","logo":{"@type":"ImageObject","inLanguage":"fi","@id":"https:\/\/redibikes.fi\/#\/schema\/logo\/image\/","url":"https:\/\/redibikes.fi\/wp-content\/uploads\/2020\/10\/cropped-Full-logo-rektangul\u201er-f\u201erg.png","contentUrl":"https:\/\/redibikes.fi\/wp-content\/uploads\/2020\/10\/cropped-Full-logo-rektangul\u201er-f\u201erg.png","width":1281,"height":447,"caption":"redibikes.fi"},"image":{"@id":"https:\/\/redibikes.fi\/#\/schema\/logo\/image\/"}}]}},"_links":{"self":[{"href":"https:\/\/redibikes.fi\/fi\/wp-json\/wp\/v2\/pages\/39","targetHints":{"allow":["GET"]}}],"collection":[{"href":"https:\/\/redibikes.fi\/fi\/wp-json\/wp\/v2\/pages"}],"about":[{"href":"https:\/\/redibikes.fi\/fi\/wp-json\/wp\/v2\/types\/page"}],"author":[{"embeddable":true,"href":"https:\/\/redibikes.fi\/fi\/wp-json\/wp\/v2\/users\/1"}],"replies":[{"embeddable":true,"href":"https:\/\/redibikes.fi\/fi\/wp-json\/wp\/v2\/comments?post=39"}],"version-history":[{"count":0,"href":"https:\/\/redibikes.fi\/fi\/wp-json\/wp\/v2\/pages\/39\/revisions"}],"wp:attachment":[{"href":"https:\/\/redibikes.fi\/fi\/wp-json\/wp\/v2\/media?parent=39"}],"curies":[{"name":"wp","href":"https:\/\/api.w.org\/{rel}","templated":true}]}}