{"id":531,"date":"2021-02-24T12:05:39","date_gmt":"2021-02-24T10:05:39","guid":{"rendered":"https:\/\/redibikes.fi\/?page_id=531"},"modified":"2024-01-04T11:03:10","modified_gmt":"2024-01-04T09:03:10","slug":"yhteistiedot","status":"publish","type":"page","link":"https:\/\/redibikes.fi\/fi\/yhteistiedot\/","title":{"rendered":"Yhteystiedot"},"content":{"rendered":"\n<h5 class=\"wp-block-heading\">It\u00e4inen H\u00e4llanintie 15, 68620 Pietarsaari<\/h5>\n\n\n\n<p class=\"has-medium-font-size\">Joel         +358504140983<\/p>\n\n\n\n<p class=\"has-medium-font-size\">Filiph     +358444494282<\/p>\n\n\n\n<h5 class=\"wp-block-heading\"><a href=\"mailto:redibikes@outlook.com\" target=\"_blank\" rel=\"noreferrer noopener\">redibikes@outlook.com<\/a><\/h5>\n\n\n<a href=\"https:\/\/redibikes.fi\/fi\/\"\n\t\tclass=\"sc_layouts_logo sc_layouts_logo_default\"><img class=\"logo_image\"\n\t\t\t\t\tsrc=\"\/\/redibikes.fi\/wp-content\/uploads\/2020\/10\/cropped-Full-logo-rektangul\u201er-f\u201erg.png\"\n\t\t\t\t\t\t\t\t\t\talt=\"redibikes.fi\" width=\"1281\" height=\"447\"><\/a>\n\n\n<p><\/p>\n","protected":false},"excerpt":{"rendered":"<p>It\u00e4inen H\u00e4llanintie 15, 68620 Pietarsaari Joel +358504140983 Filiph +358444494282 redibikes@outlook.com<\/p>\n","protected":false},"author":2,"featured_media":0,"parent":0,"menu_order":0,"comment_status":"closed","ping_status":"closed","template":"","meta":{"footnotes":""},"class_list":["post-531","page","type-page","status-publish","hentry"],"yoast_head":"<!-- This site is optimized with the Yoast SEO plugin v27.5 - https:\/\/yoast.com\/product\/yoast-seo-wordpress\/ -->\n<title>Yhteystiedot - redibikes.fi<\/title>\n<meta name=\"robots\" content=\"index, follow, max-snippet:-1, max-image-preview:large, max-video-preview:-1\" \/>\n<link rel=\"canonical\" href=\"https:\/\/redibikes.fi\/fi\/yhteistiedot\/\" \/>\n<meta property=\"og:locale\" content=\"fi_FI\" \/>\n<meta property=\"og:type\" content=\"article\" \/>\n<meta property=\"og:title\" content=\"Yhteystiedot - redibikes.fi\" \/>\n<meta property=\"og:description\" content=\"It\u00e4inen H\u00e4llanintie 15, 68620 Pietarsaari Joel +358504140983 Filiph +358444494282 redibikes@outlook.com\" \/>\n<meta property=\"og:url\" content=\"https:\/\/redibikes.fi\/fi\/yhteistiedot\/\" \/>\n<meta property=\"og:site_name\" content=\"redibikes.fi\" \/>\n<meta property=\"article:modified_time\" content=\"2024-01-04T09:03:10+00:00\" \/>\n<meta name=\"twitter:card\" content=\"summary_large_image\" \/>\n<meta name=\"twitter:label1\" content=\"Arvioitu lukuaika\" \/>\n\t<meta name=\"twitter:data1\" content=\"1 minuutti\" \/>\n<script type=\"application\/ld+json\" class=\"yoast-schema-graph\">{\"@context\":\"https:\\\/\\\/schema.org\",\"@graph\":[{\"@type\":\"WebPage\",\"@id\":\"https:\\\/\\\/redibikes.fi\\\/fi\\\/yhteistiedot\\\/\",\"url\":\"https:\\\/\\\/redibikes.fi\\\/fi\\\/yhteistiedot\\\/\",\"name\":\"Yhteystiedot - redibikes.fi\",\"isPartOf\":{\"@id\":\"https:\\\/\\\/redibikes.fi\\\/#website\"},\"datePublished\":\"2021-02-24T10:05:39+00:00\",\"dateModified\":\"2024-01-04T09:03:10+00:00\",\"breadcrumb\":{\"@id\":\"https:\\\/\\\/redibikes.fi\\\/fi\\\/yhteistiedot\\\/#breadcrumb\"},\"inLanguage\":\"fi\",\"potentialAction\":[{\"@type\":\"ReadAction\",\"target\":[\"https:\\\/\\\/redibikes.fi\\\/fi\\\/yhteistiedot\\\/\"]}]},{\"@type\":\"BreadcrumbList\",\"@id\":\"https:\\\/\\\/redibikes.fi\\\/fi\\\/yhteistiedot\\\/#breadcrumb\",\"itemListElement\":[{\"@type\":\"ListItem\",\"position\":1,\"name\":\"Home\",\"item\":\"https:\\\/\\\/redibikes.fi\\\/fi\\\/\"},{\"@type\":\"ListItem\",\"position\":2,\"name\":\"Yhteystiedot\"}]},{\"@type\":\"WebSite\",\"@id\":\"https:\\\/\\\/redibikes.fi\\\/#website\",\"url\":\"https:\\\/\\\/redibikes.fi\\\/\",\"name\":\"redibikes.fi\",\"description\":\"\u00c5terf\u00f6rs\u00e4ljare av Giant och Liv\",\"publisher\":{\"@id\":\"https:\\\/\\\/redibikes.fi\\\/#organization\"},\"potentialAction\":[{\"@type\":\"SearchAction\",\"target\":{\"@type\":\"EntryPoint\",\"urlTemplate\":\"https:\\\/\\\/redibikes.fi\\\/?s={search_term_string}\"},\"query-input\":{\"@type\":\"PropertyValueSpecification\",\"valueRequired\":true,\"valueName\":\"search_term_string\"}}],\"inLanguage\":\"fi\"},{\"@type\":\"Organization\",\"@id\":\"https:\\\/\\\/redibikes.fi\\\/#organization\",\"name\":\"redibikes.fi\",\"url\":\"https:\\\/\\\/redibikes.fi\\\/\",\"logo\":{\"@type\":\"ImageObject\",\"inLanguage\":\"fi\",\"@id\":\"https:\\\/\\\/redibikes.fi\\\/#\\\/schema\\\/logo\\\/image\\\/\",\"url\":\"https:\\\/\\\/redibikes.fi\\\/wp-content\\\/uploads\\\/2020\\\/10\\\/cropped-Full-logo-rektangul\u201er-f\u201erg.png\",\"contentUrl\":\"https:\\\/\\\/redibikes.fi\\\/wp-content\\\/uploads\\\/2020\\\/10\\\/cropped-Full-logo-rektangul\u201er-f\u201erg.png\",\"width\":1281,\"height\":447,\"caption\":\"redibikes.fi\"},\"image\":{\"@id\":\"https:\\\/\\\/redibikes.fi\\\/#\\\/schema\\\/logo\\\/image\\\/\"}}]}<\/script>\n<!-- \/ Yoast SEO plugin. -->","yoast_head_json":{"title":"Yhteystiedot - redibikes.fi","robots":{"index":"index","follow":"follow","max-snippet":"max-snippet:-1","max-image-preview":"max-image-preview:large","max-video-preview":"max-video-preview:-1"},"canonical":"https:\/\/redibikes.fi\/fi\/yhteistiedot\/","og_locale":"fi_FI","og_type":"article","og_title":"Yhteystiedot - redibikes.fi","og_description":"It\u00e4inen H\u00e4llanintie 15, 68620 Pietarsaari Joel +358504140983 Filiph +358444494282 redibikes@outlook.com","og_url":"https:\/\/redibikes.fi\/fi\/yhteistiedot\/","og_site_name":"redibikes.fi","article_modified_time":"2024-01-04T09:03:10+00:00","twitter_card":"summary_large_image","twitter_misc":{"Arvioitu lukuaika":"1 minuutti"},"schema":{"@context":"https:\/\/schema.org","@graph":[{"@type":"WebPage","@id":"https:\/\/redibikes.fi\/fi\/yhteistiedot\/","url":"https:\/\/redibikes.fi\/fi\/yhteistiedot\/","name":"Yhteystiedot - redibikes.fi","isPartOf":{"@id":"https:\/\/redibikes.fi\/#website"},"datePublished":"2021-02-24T10:05:39+00:00","dateModified":"2024-01-04T09:03:10+00:00","breadcrumb":{"@id":"https:\/\/redibikes.fi\/fi\/yhteistiedot\/#breadcrumb"},"inLanguage":"fi","potentialAction":[{"@type":"ReadAction","target":["https:\/\/redibikes.fi\/fi\/yhteistiedot\/"]}]},{"@type":"BreadcrumbList","@id":"https:\/\/redibikes.fi\/fi\/yhteistiedot\/#breadcrumb","itemListElement":[{"@type":"ListItem","position":1,"name":"Home","item":"https:\/\/redibikes.fi\/fi\/"},{"@type":"ListItem","position":2,"name":"Yhteystiedot"}]},{"@type":"WebSite","@id":"https:\/\/redibikes.fi\/#website","url":"https:\/\/redibikes.fi\/","name":"redibikes.fi","description":"\u00c5terf\u00f6rs\u00e4ljare av Giant och Liv","publisher":{"@id":"https:\/\/redibikes.fi\/#organization"},"potentialAction":[{"@type":"SearchAction","target":{"@type":"EntryPoint","urlTemplate":"https:\/\/redibikes.fi\/?s={search_term_string}"},"query-input":{"@type":"PropertyValueSpecification","valueRequired":true,"valueName":"search_term_string"}}],"inLanguage":"fi"},{"@type":"Organization","@id":"https:\/\/redibikes.fi\/#organization","name":"redibikes.fi","url":"https:\/\/redibikes.fi\/","logo":{"@type":"ImageObject","inLanguage":"fi","@id":"https:\/\/redibikes.fi\/#\/schema\/logo\/image\/","url":"https:\/\/redibikes.fi\/wp-content\/uploads\/2020\/10\/cropped-Full-logo-rektangul\u201er-f\u201erg.png","contentUrl":"https:\/\/redibikes.fi\/wp-content\/uploads\/2020\/10\/cropped-Full-logo-rektangul\u201er-f\u201erg.png","width":1281,"height":447,"caption":"redibikes.fi"},"image":{"@id":"https:\/\/redibikes.fi\/#\/schema\/logo\/image\/"}}]}},"_links":{"self":[{"href":"https:\/\/redibikes.fi\/fi\/wp-json\/wp\/v2\/pages\/531","targetHints":{"allow":["GET"]}}],"collection":[{"href":"https:\/\/redibikes.fi\/fi\/wp-json\/wp\/v2\/pages"}],"about":[{"href":"https:\/\/redibikes.fi\/fi\/wp-json\/wp\/v2\/types\/page"}],"author":[{"embeddable":true,"href":"https:\/\/redibikes.fi\/fi\/wp-json\/wp\/v2\/users\/2"}],"replies":[{"embeddable":true,"href":"https:\/\/redibikes.fi\/fi\/wp-json\/wp\/v2\/comments?post=531"}],"version-history":[{"count":5,"href":"https:\/\/redibikes.fi\/fi\/wp-json\/wp\/v2\/pages\/531\/revisions"}],"predecessor-version":[{"id":930,"href":"https:\/\/redibikes.fi\/fi\/wp-json\/wp\/v2\/pages\/531\/revisions\/930"}],"wp:attachment":[{"href":"https:\/\/redibikes.fi\/fi\/wp-json\/wp\/v2\/media?parent=531"}],"curies":[{"name":"wp","href":"https:\/\/api.w.org\/{rel}","templated":true}]}}