{"id":556,"date":"2021-03-12T11:01:46","date_gmt":"2021-03-12T09:01:46","guid":{"rendered":"https:\/\/redibikes.fi\/?page_id=556"},"modified":"2021-03-13T10:56:40","modified_gmt":"2021-03-13T08:56:40","slug":"livelo-bikes","status":"publish","type":"page","link":"https:\/\/redibikes.fi\/fi\/livelo-bikes\/","title":{"rendered":"Livelo Bikes"},"content":{"rendered":"\n<p style=\"font-size:34px\"><strong>Livelo&nbsp;#1<\/strong> on&nbsp;s\u00e4hk\u00f6avusteinen&nbsp;perhe- ja&nbsp;kuljetuspy\u00f6r\u00e4, jota&nbsp;voit&nbsp;k\u00e4ytt\u00e4\u00e4&nbsp;ymp\u00e4ri&nbsp;vuoden.&nbsp;Matkusta, aja&nbsp;lapsia,&nbsp;ota&nbsp;koira&nbsp;mukaasi&nbsp;tai tee&nbsp;ostoksia.&nbsp;Ymp\u00e4rist\u00f6yst\u00e4v\u00e4llinen&nbsp;ja&nbsp;aikatehokas&nbsp;tapa&nbsp;matkustaa,&nbsp;joka&nbsp;on&nbsp;my\u00f6s&nbsp;hauska.&nbsp;<\/p>\n\n\n\n<h5 class=\"has-large-font-size wp-block-heading\">Turvallisuus<strong>&nbsp;<\/strong><\/h5>\n\n\n\n<p class=\"has-medium-font-size\">Lapset&nbsp;istuvat&nbsp;turvallisesti&nbsp;korissa&nbsp;kolmipistev\u00f6ill\u00e4&nbsp;ja&nbsp;ainutlaatuisella&nbsp;turvajousilla.&nbsp;Hydrauliset&nbsp;levyjarrut&nbsp;edess\u00e4&nbsp;ja&nbsp;takana.&nbsp;Seisontajarru&nbsp;niin,&nbsp;ett\u00e4&nbsp;py\u00f6r\u00e4&nbsp;on&nbsp;turvallinen,&nbsp;kun&nbsp;nouset&nbsp;p\u00e4\u00e4lle&nbsp;ja&nbsp;pois&nbsp;tai&nbsp;poistat&nbsp;lapsia&nbsp;\/&nbsp;kuormia.&nbsp;<\/p>\n\n\n\n<h5 class=\"has-large-font-size wp-block-heading\">Suunnittelu&nbsp;<\/h5>\n\n\n\n<p class=\"has-medium-font-size\">Livelo&nbsp;#1&nbsp;erottuu&nbsp;tavarapy\u00f6rien&nbsp;joukossa&nbsp;muotoilultaan. Se on&nbsp;my\u00f6s&nbsp;vain&nbsp;2m&nbsp;pitk\u00e4&nbsp;ja&nbsp;painaa&nbsp;40 kg,&nbsp;mik\u00e4&nbsp;tekee&nbsp;siit\u00e4&nbsp;yhden&nbsp;kompakteimmista&nbsp;rahtipy\u00f6rist\u00e4. Se on 87 cm&nbsp;leve\u00e4,&nbsp;mink\u00e4&nbsp;ansiosta&nbsp;se&nbsp;p\u00e4\u00e4see&nbsp;useimpien&nbsp;ovien&nbsp;l\u00e4pi,&nbsp;jotka&nbsp;ovat&nbsp;yleens\u00e4&nbsp;90 cm&nbsp;leveit\u00e4.&nbsp;Py\u00f6r\u00e4&nbsp;on&nbsp;suunniteltu&nbsp;tarjoamaan&nbsp;sek\u00e4&nbsp;pitkille&nbsp;ett\u00e4&nbsp;lyhyille&nbsp;ihmisille&nbsp;optimaalinen&nbsp;mukavuus&nbsp;ja&nbsp;py\u00f6r\u00e4ilykokemus.&nbsp;<\/p>\n\n\n\n<h5 class=\"has-large-font-size wp-block-heading\">Laatu&nbsp;<\/h5>\n\n\n\n<p class=\"has-medium-font-size\">Kevyt&nbsp;alumiininen&nbsp;6061-alumiinirunko,&nbsp;oikea&nbsp;camber-py\u00f6r\u00e4&nbsp;ja KPI-kulmat&nbsp;sek\u00e4&nbsp;ackerman-kompensaatio&nbsp;tarjoavat&nbsp;Livelolle&nbsp;#1 ja&nbsp;vakaita&nbsp;k\u00e4\u00e4nn\u00f6ksi\u00e4.&nbsp;Tektron&nbsp;hydrauliset&nbsp;levyjarrut&nbsp;seisontajarrulla&nbsp;ja&nbsp;Sramin&nbsp;vaihteistoj\u00e4rjestelm\u00e4ll\u00e4.&nbsp;<\/p>\n\n\n\n<p class=\"has-medium-font-size\">Lis\u00e4tietoja&nbsp;l\u00f6ytyy&nbsp;heid\u00e4n&nbsp;verkkosivuiltaan,&nbsp;<a href=\"https:\/\/livelo.se\/\" target=\"_blank\" rel=\"noreferrer noopener\">https:\/\/livelo.se\/<\/a>&nbsp;<\/p>\n\n\n\n<p class=\"has-medium-font-size\">Tule&nbsp;kokeilemaan&nbsp;demopy\u00f6r\u00e4\u00e4mme&nbsp;ja&nbsp;tilaa&nbsp;omasi!&nbsp;<\/p>\n\n\n\n<div class=\"wp-block-buttons is-layout-flex wp-block-buttons-is-layout-flex\">\n<div class=\"wp-block-button\"><a class=\"wp-block-button__link\" href=\"https:\/\/redibikes.fi\/fi\/tuote\/livelo-1\/\">Livelo #1<\/a><\/div>\n<\/div>\n\n\n\n<figure class=\"wp-block-gallery columns-3 is-cropped wp-block-gallery-1 is-layout-flex wp-block-gallery-is-layout-flex\"><ul class=\"blocks-gallery-grid\"><li class=\"blocks-gallery-item\"><figure><a href=\"https:\/\/redibikes.fi\/wp-content\/uploads\/2021\/01\/livelo-1_1_200327-2.jpg\"><img loading=\"lazy\" decoding=\"async\" width=\"1024\" height=\"866\" src=\"https:\/\/redibikes.fi\/wp-content\/uploads\/2021\/01\/livelo-1_1_200327-2.jpg\" alt=\"\" data-id=\"458\" data-full-url=\"https:\/\/redibikes.fi\/wp-content\/uploads\/2021\/01\/livelo-1_1_200327-2.jpg\" data-link=\"https:\/\/redibikes.fi\/?attachment_id=458\" class=\"wp-image-458\" srcset=\"https:\/\/redibikes.fi\/wp-content\/uploads\/2021\/01\/livelo-1_1_200327-2.jpg 1024w, https:\/\/redibikes.fi\/wp-content\/uploads\/2021\/01\/livelo-1_1_200327-2-300x254.jpg 300w, https:\/\/redibikes.fi\/wp-content\/uploads\/2021\/01\/livelo-1_1_200327-2-768x650.jpg 768w, https:\/\/redibikes.fi\/wp-content\/uploads\/2021\/01\/livelo-1_1_200327-2-370x313.jpg 370w, https:\/\/redibikes.fi\/wp-content\/uploads\/2021\/01\/livelo-1_1_200327-2-760x643.jpg 760w, https:\/\/redibikes.fi\/wp-content\/uploads\/2021\/01\/livelo-1_1_200327-2-390x330.jpg 390w, https:\/\/redibikes.fi\/wp-content\/uploads\/2021\/01\/livelo-1_1_200327-2-600x507.jpg 600w\" sizes=\"auto, (max-width: 1024px) 100vw, 1024px\" \/><\/a><\/figure><\/li><li class=\"blocks-gallery-item\"><figure><a href=\"https:\/\/redibikes.fi\/wp-content\/uploads\/2021\/01\/livelo-1_2_200327-1.jpg\"><img loading=\"lazy\" decoding=\"async\" width=\"1024\" height=\"866\" src=\"https:\/\/redibikes.fi\/wp-content\/uploads\/2021\/01\/livelo-1_2_200327-1.jpg\" alt=\"\" data-id=\"459\" data-full-url=\"https:\/\/redibikes.fi\/wp-content\/uploads\/2021\/01\/livelo-1_2_200327-1.jpg\" data-link=\"https:\/\/redibikes.fi\/?attachment_id=459\" class=\"wp-image-459\" srcset=\"https:\/\/redibikes.fi\/wp-content\/uploads\/2021\/01\/livelo-1_2_200327-1.jpg 1024w, https:\/\/redibikes.fi\/wp-content\/uploads\/2021\/01\/livelo-1_2_200327-1-300x254.jpg 300w, https:\/\/redibikes.fi\/wp-content\/uploads\/2021\/01\/livelo-1_2_200327-1-768x650.jpg 768w, https:\/\/redibikes.fi\/wp-content\/uploads\/2021\/01\/livelo-1_2_200327-1-370x313.jpg 370w, https:\/\/redibikes.fi\/wp-content\/uploads\/2021\/01\/livelo-1_2_200327-1-760x643.jpg 760w, https:\/\/redibikes.fi\/wp-content\/uploads\/2021\/01\/livelo-1_2_200327-1-390x330.jpg 390w, https:\/\/redibikes.fi\/wp-content\/uploads\/2021\/01\/livelo-1_2_200327-1-600x507.jpg 600w\" sizes=\"auto, (max-width: 1024px) 100vw, 1024px\" \/><\/a><\/figure><\/li><li class=\"blocks-gallery-item\"><figure><a href=\"https:\/\/redibikes.fi\/wp-content\/uploads\/2021\/01\/livelo-1_3_200327-1.jpg\"><img loading=\"lazy\" decoding=\"async\" width=\"1024\" height=\"866\" src=\"https:\/\/redibikes.fi\/wp-content\/uploads\/2021\/01\/livelo-1_3_200327-1.jpg\" alt=\"\" data-id=\"460\" data-full-url=\"https:\/\/redibikes.fi\/wp-content\/uploads\/2021\/01\/livelo-1_3_200327-1.jpg\" data-link=\"https:\/\/redibikes.fi\/?attachment_id=460\" class=\"wp-image-460\" srcset=\"https:\/\/redibikes.fi\/wp-content\/uploads\/2021\/01\/livelo-1_3_200327-1.jpg 1024w, https:\/\/redibikes.fi\/wp-content\/uploads\/2021\/01\/livelo-1_3_200327-1-300x254.jpg 300w, https:\/\/redibikes.fi\/wp-content\/uploads\/2021\/01\/livelo-1_3_200327-1-768x650.jpg 768w, https:\/\/redibikes.fi\/wp-content\/uploads\/2021\/01\/livelo-1_3_200327-1-370x313.jpg 370w, https:\/\/redibikes.fi\/wp-content\/uploads\/2021\/01\/livelo-1_3_200327-1-760x643.jpg 760w, https:\/\/redibikes.fi\/wp-content\/uploads\/2021\/01\/livelo-1_3_200327-1-390x330.jpg 390w, https:\/\/redibikes.fi\/wp-content\/uploads\/2021\/01\/livelo-1_3_200327-1-600x507.jpg 600w\" sizes=\"auto, (max-width: 1024px) 100vw, 1024px\" \/><\/a><\/figure><\/li><li class=\"blocks-gallery-item\"><figure><a href=\"https:\/\/redibikes.fi\/wp-content\/uploads\/2021\/01\/livelo-1_4_200327-1.jpg\"><img loading=\"lazy\" decoding=\"async\" width=\"1024\" height=\"866\" src=\"https:\/\/redibikes.fi\/wp-content\/uploads\/2021\/01\/livelo-1_4_200327-1.jpg\" alt=\"\" data-id=\"461\" data-full-url=\"https:\/\/redibikes.fi\/wp-content\/uploads\/2021\/01\/livelo-1_4_200327-1.jpg\" data-link=\"https:\/\/redibikes.fi\/?attachment_id=461\" class=\"wp-image-461\" srcset=\"https:\/\/redibikes.fi\/wp-content\/uploads\/2021\/01\/livelo-1_4_200327-1.jpg 1024w, https:\/\/redibikes.fi\/wp-content\/uploads\/2021\/01\/livelo-1_4_200327-1-300x254.jpg 300w, https:\/\/redibikes.fi\/wp-content\/uploads\/2021\/01\/livelo-1_4_200327-1-768x650.jpg 768w, https:\/\/redibikes.fi\/wp-content\/uploads\/2021\/01\/livelo-1_4_200327-1-370x313.jpg 370w, https:\/\/redibikes.fi\/wp-content\/uploads\/2021\/01\/livelo-1_4_200327-1-760x643.jpg 760w, https:\/\/redibikes.fi\/wp-content\/uploads\/2021\/01\/livelo-1_4_200327-1-390x330.jpg 390w, https:\/\/redibikes.fi\/wp-content\/uploads\/2021\/01\/livelo-1_4_200327-1-600x507.jpg 600w\" sizes=\"auto, (max-width: 1024px) 100vw, 1024px\" \/><\/a><\/figure><\/li><li class=\"blocks-gallery-item\"><figure><a href=\"https:\/\/redibikes.fi\/wp-content\/uploads\/2021\/01\/livelo-1_5_200327-1.jpg\"><img loading=\"lazy\" decoding=\"async\" width=\"1024\" height=\"866\" src=\"https:\/\/redibikes.fi\/wp-content\/uploads\/2021\/01\/livelo-1_5_200327-1.jpg\" alt=\"\" data-id=\"462\" data-full-url=\"https:\/\/redibikes.fi\/wp-content\/uploads\/2021\/01\/livelo-1_5_200327-1.jpg\" data-link=\"https:\/\/redibikes.fi\/?attachment_id=462\" class=\"wp-image-462\" srcset=\"https:\/\/redibikes.fi\/wp-content\/uploads\/2021\/01\/livelo-1_5_200327-1.jpg 1024w, https:\/\/redibikes.fi\/wp-content\/uploads\/2021\/01\/livelo-1_5_200327-1-300x254.jpg 300w, https:\/\/redibikes.fi\/wp-content\/uploads\/2021\/01\/livelo-1_5_200327-1-768x650.jpg 768w, https:\/\/redibikes.fi\/wp-content\/uploads\/2021\/01\/livelo-1_5_200327-1-370x313.jpg 370w, https:\/\/redibikes.fi\/wp-content\/uploads\/2021\/01\/livelo-1_5_200327-1-760x643.jpg 760w, https:\/\/redibikes.fi\/wp-content\/uploads\/2021\/01\/livelo-1_5_200327-1-390x330.jpg 390w, https:\/\/redibikes.fi\/wp-content\/uploads\/2021\/01\/livelo-1_5_200327-1-600x507.jpg 600w\" sizes=\"auto, (max-width: 1024px) 100vw, 1024px\" \/><\/a><\/figure><\/li><li class=\"blocks-gallery-item\"><figure><a href=\"https:\/\/redibikes.fi\/wp-content\/uploads\/2021\/01\/livelo-1_6_200327-1.jpg\"><img loading=\"lazy\" decoding=\"async\" width=\"1024\" height=\"866\" src=\"https:\/\/redibikes.fi\/wp-content\/uploads\/2021\/01\/livelo-1_6_200327-1.jpg\" alt=\"\" data-id=\"463\" data-full-url=\"https:\/\/redibikes.fi\/wp-content\/uploads\/2021\/01\/livelo-1_6_200327-1.jpg\" data-link=\"https:\/\/redibikes.fi\/?attachment_id=463\" class=\"wp-image-463\" srcset=\"https:\/\/redibikes.fi\/wp-content\/uploads\/2021\/01\/livelo-1_6_200327-1.jpg 1024w, https:\/\/redibikes.fi\/wp-content\/uploads\/2021\/01\/livelo-1_6_200327-1-300x254.jpg 300w, https:\/\/redibikes.fi\/wp-content\/uploads\/2021\/01\/livelo-1_6_200327-1-768x650.jpg 768w, https:\/\/redibikes.fi\/wp-content\/uploads\/2021\/01\/livelo-1_6_200327-1-370x313.jpg 370w, https:\/\/redibikes.fi\/wp-content\/uploads\/2021\/01\/livelo-1_6_200327-1-760x643.jpg 760w, https:\/\/redibikes.fi\/wp-content\/uploads\/2021\/01\/livelo-1_6_200327-1-390x330.jpg 390w, https:\/\/redibikes.fi\/wp-content\/uploads\/2021\/01\/livelo-1_6_200327-1-600x507.jpg 600w\" sizes=\"auto, (max-width: 1024px) 100vw, 1024px\" \/><\/a><\/figure><\/li><\/ul><\/figure>\n\n\n\n<figure class=\"wp-block-embed is-type-video is-provider-youtube wp-block-embed-youtube wp-embed-aspect-16-9 wp-has-aspect-ratio\"><div class=\"wp-block-embed__wrapper\">\n<iframe loading=\"lazy\" title=\"Livelo #1 - \u00c5ret-runt-cykeln f\u00f6r hela familjen\" width=\"1600\" height=\"900\" src=\"https:\/\/www.youtube.com\/embed\/lpI6LgUZKfE?feature=oembed\" frameborder=\"0\" allow=\"accelerometer; autoplay; clipboard-write; encrypted-media; gyroscope; picture-in-picture\" allowfullscreen><\/iframe>\n<\/div><\/figure>\n","protected":false},"excerpt":{"rendered":"<p>Livelo&nbsp;#1 on&nbsp;s\u00e4hk\u00f6avusteinen&nbsp;perhe- ja&nbsp;kuljetuspy\u00f6r\u00e4, jota&nbsp;voit&nbsp;k\u00e4ytt\u00e4\u00e4&nbsp;ymp\u00e4ri&nbsp;vuoden.&nbsp;Matkusta, aja&nbsp;lapsia,&nbsp;ota&nbsp;koira&nbsp;mukaasi&nbsp;tai tee&nbsp;ostoksia.&nbsp;Ymp\u00e4rist\u00f6yst\u00e4v\u00e4llinen&nbsp;ja&nbsp;aikatehokas&nbsp;tapa&nbsp;matkustaa,&nbsp;joka&nbsp;on&nbsp;my\u00f6s&nbsp;hauska.&nbsp; Turvallisuus&nbsp; Lapset&nbsp;istuvat&nbsp;turvallisesti&nbsp;korissa&nbsp;kolmipistev\u00f6ill\u00e4&nbsp;ja&nbsp;ainutlaatuisella&nbsp;turvajousilla.&nbsp;Hydrauliset&nbsp;levyjarrut&nbsp;edess\u00e4&nbsp;ja&nbsp;takana.&nbsp;Seisontajarru&nbsp;niin,&nbsp;ett\u00e4&nbsp;py\u00f6r\u00e4&nbsp;on&nbsp;turvallinen,&nbsp;kun&nbsp;nouset&nbsp;p\u00e4\u00e4lle&nbsp;ja&nbsp;pois&nbsp;tai&nbsp;poistat&nbsp;lapsia&nbsp;\/&nbsp;kuormia.&nbsp; Suunnittelu&nbsp; Livelo&nbsp;#1&nbsp;erottuu&nbsp;tavarapy\u00f6rien&nbsp;joukossa&nbsp;muotoilultaan. Se on&nbsp;my\u00f6s&nbsp;vain&nbsp;2m&nbsp;pitk\u00e4&nbsp;ja&nbsp;painaa&nbsp;40 kg,&nbsp;mik\u00e4&nbsp;tekee&nbsp;siit\u00e4&nbsp;yhden&nbsp;kompakteimmista&nbsp;rahtipy\u00f6rist\u00e4. Se on 87 cm&nbsp;leve\u00e4,&nbsp;mink\u00e4&nbsp;ansiosta&nbsp;se&nbsp;p\u00e4\u00e4see&nbsp;useimpien&nbsp;ovien&nbsp;l\u00e4pi,&nbsp;jotka&nbsp;ovat&nbsp;yleens\u00e4&nbsp;90 cm&nbsp;leveit\u00e4.&nbsp;Py\u00f6r\u00e4&nbsp;on&nbsp;suunniteltu&nbsp;tarjoamaan&nbsp;sek\u00e4&nbsp;pitkille&nbsp;ett\u00e4&nbsp;lyhyille&nbsp;ihmisille&nbsp;optimaalinen&nbsp;mukavuus&nbsp;ja&nbsp;py\u00f6r\u00e4ilykokemus.&nbsp; Laatu&nbsp; Kevyt&nbsp;alumiininen&nbsp;6061-alumiinirunko,&nbsp;oikea&nbsp;camber-py\u00f6r\u00e4&nbsp;ja KPI-kulmat&nbsp;sek\u00e4&nbsp;ackerman-kompensaatio&nbsp;tarjoavat&nbsp;Livelolle&nbsp;#1 ja&nbsp;vakaita&nbsp;k\u00e4\u00e4nn\u00f6ksi\u00e4.&nbsp;Tektron&nbsp;hydrauliset&nbsp;levyjarrut&nbsp;seisontajarrulla&nbsp;ja&nbsp;Sramin&nbsp;vaihteistoj\u00e4rjestelm\u00e4ll\u00e4.&nbsp; Lis\u00e4tietoja&nbsp;l\u00f6ytyy&nbsp;heid\u00e4n&nbsp;verkkosivuiltaan,&nbsp;https:\/\/livelo.se\/&nbsp; Tule&nbsp;kokeilemaan&nbsp;demopy\u00f6r\u00e4\u00e4mme&nbsp;ja&nbsp;tilaa&nbsp;omasi!&nbsp;<\/p>\n","protected":false},"author":2,"featured_media":593,"parent":0,"menu_order":0,"comment_status":"closed","ping_status":"closed","template":"","meta":{"footnotes":""},"class_list":["post-556","page","type-page","status-publish","has-post-thumbnail","hentry"],"yoast_head":"<!-- This site is optimized with the Yoast SEO plugin v27.5 - https:\/\/yoast.com\/product\/yoast-seo-wordpress\/ -->\n<title>Livelo Bikes - redibikes.fi<\/title>\n<meta name=\"robots\" content=\"index, follow, max-snippet:-1, max-image-preview:large, max-video-preview:-1\" \/>\n<link rel=\"canonical\" href=\"https:\/\/redibikes.fi\/fi\/livelo-bikes\/\" \/>\n<meta property=\"og:locale\" content=\"fi_FI\" \/>\n<meta property=\"og:type\" content=\"article\" \/>\n<meta property=\"og:title\" content=\"Livelo Bikes - redibikes.fi\" \/>\n<meta property=\"og:description\" content=\"Livelo&nbsp;#1 on&nbsp;s\u00e4hk\u00f6avusteinen&nbsp;perhe- ja&nbsp;kuljetuspy\u00f6r\u00e4, jota&nbsp;voit&nbsp;k\u00e4ytt\u00e4\u00e4&nbsp;ymp\u00e4ri&nbsp;vuoden.&nbsp;Matkusta, aja&nbsp;lapsia,&nbsp;ota&nbsp;koira&nbsp;mukaasi&nbsp;tai tee&nbsp;ostoksia.&nbsp;Ymp\u00e4rist\u00f6yst\u00e4v\u00e4llinen&nbsp;ja&nbsp;aikatehokas&nbsp;tapa&nbsp;matkustaa,&nbsp;joka&nbsp;on&nbsp;my\u00f6s&nbsp;hauska.&nbsp; Turvallisuus&nbsp; Lapset&nbsp;istuvat&nbsp;turvallisesti&nbsp;korissa&nbsp;kolmipistev\u00f6ill\u00e4&nbsp;ja&nbsp;ainutlaatuisella&nbsp;turvajousilla.&nbsp;Hydrauliset&nbsp;levyjarrut&nbsp;edess\u00e4&nbsp;ja&nbsp;takana.&nbsp;Seisontajarru&nbsp;niin,&nbsp;ett\u00e4&nbsp;py\u00f6r\u00e4&nbsp;on&nbsp;turvallinen,&nbsp;kun&nbsp;nouset&nbsp;p\u00e4\u00e4lle&nbsp;ja&nbsp;pois&nbsp;tai&nbsp;poistat&nbsp;lapsia&nbsp;\/&nbsp;kuormia.&nbsp; Suunnittelu&nbsp; Livelo&nbsp;#1&nbsp;erottuu&nbsp;tavarapy\u00f6rien&nbsp;joukossa&nbsp;muotoilultaan. Se on&nbsp;my\u00f6s&nbsp;vain&nbsp;2m&nbsp;pitk\u00e4&nbsp;ja&nbsp;painaa&nbsp;40 kg,&nbsp;mik\u00e4&nbsp;tekee&nbsp;siit\u00e4&nbsp;yhden&nbsp;kompakteimmista&nbsp;rahtipy\u00f6rist\u00e4. Se on 87 cm&nbsp;leve\u00e4,&nbsp;mink\u00e4&nbsp;ansiosta&nbsp;se&nbsp;p\u00e4\u00e4see&nbsp;useimpien&nbsp;ovien&nbsp;l\u00e4pi,&nbsp;jotka&nbsp;ovat&nbsp;yleens\u00e4&nbsp;90 cm&nbsp;leveit\u00e4.&nbsp;Py\u00f6r\u00e4&nbsp;on&nbsp;suunniteltu&nbsp;tarjoamaan&nbsp;sek\u00e4&nbsp;pitkille&nbsp;ett\u00e4&nbsp;lyhyille&nbsp;ihmisille&nbsp;optimaalinen&nbsp;mukavuus&nbsp;ja&nbsp;py\u00f6r\u00e4ilykokemus.&nbsp; Laatu&nbsp; Kevyt&nbsp;alumiininen&nbsp;6061-alumiinirunko,&nbsp;oikea&nbsp;camber-py\u00f6r\u00e4&nbsp;ja KPI-kulmat&nbsp;sek\u00e4&nbsp;ackerman-kompensaatio&nbsp;tarjoavat&nbsp;Livelolle&nbsp;#1 ja&nbsp;vakaita&nbsp;k\u00e4\u00e4nn\u00f6ksi\u00e4.&nbsp;Tektron&nbsp;hydrauliset&nbsp;levyjarrut&nbsp;seisontajarrulla&nbsp;ja&nbsp;Sramin&nbsp;vaihteistoj\u00e4rjestelm\u00e4ll\u00e4.&nbsp; Lis\u00e4tietoja&nbsp;l\u00f6ytyy&nbsp;heid\u00e4n&nbsp;verkkosivuiltaan,&nbsp;https:\/\/livelo.se\/&nbsp; Tule&nbsp;kokeilemaan&nbsp;demopy\u00f6r\u00e4\u00e4mme&nbsp;ja&nbsp;tilaa&nbsp;omasi!&nbsp;\" \/>\n<meta property=\"og:url\" content=\"https:\/\/redibikes.fi\/fi\/livelo-bikes\/\" \/>\n<meta property=\"og:site_name\" content=\"redibikes.fi\" \/>\n<meta property=\"article:modified_time\" content=\"2021-03-13T08:56:40+00:00\" \/>\n<meta property=\"og:image\" content=\"https:\/\/redibikes.fi\/wp-content\/uploads\/2021\/01\/livelo-1_1_200327-1.jpg\" \/>\n\t<meta property=\"og:image:width\" content=\"1024\" \/>\n\t<meta property=\"og:image:height\" content=\"866\" \/>\n\t<meta property=\"og:image:type\" content=\"image\/jpeg\" \/>\n<meta name=\"twitter:card\" content=\"summary_large_image\" \/>\n<meta name=\"twitter:label1\" content=\"Arvioitu lukuaika\" \/>\n\t<meta name=\"twitter:data1\" content=\"2 minuuttia\" \/>\n<script type=\"application\/ld+json\" class=\"yoast-schema-graph\">{\"@context\":\"https:\\\/\\\/schema.org\",\"@graph\":[{\"@type\":\"WebPage\",\"@id\":\"https:\\\/\\\/redibikes.fi\\\/fi\\\/livelo-bikes\\\/\",\"url\":\"https:\\\/\\\/redibikes.fi\\\/fi\\\/livelo-bikes\\\/\",\"name\":\"Livelo Bikes - redibikes.fi\",\"isPartOf\":{\"@id\":\"https:\\\/\\\/redibikes.fi\\\/#website\"},\"primaryImageOfPage\":{\"@id\":\"https:\\\/\\\/redibikes.fi\\\/fi\\\/livelo-bikes\\\/#primaryimage\"},\"image\":{\"@id\":\"https:\\\/\\\/redibikes.fi\\\/fi\\\/livelo-bikes\\\/#primaryimage\"},\"thumbnailUrl\":\"https:\\\/\\\/redibikes.fi\\\/wp-content\\\/uploads\\\/2021\\\/01\\\/livelo-1_1_200327-1.jpg\",\"datePublished\":\"2021-03-12T09:01:46+00:00\",\"dateModified\":\"2021-03-13T08:56:40+00:00\",\"breadcrumb\":{\"@id\":\"https:\\\/\\\/redibikes.fi\\\/fi\\\/livelo-bikes\\\/#breadcrumb\"},\"inLanguage\":\"fi\",\"potentialAction\":[{\"@type\":\"ReadAction\",\"target\":[\"https:\\\/\\\/redibikes.fi\\\/fi\\\/livelo-bikes\\\/\"]}]},{\"@type\":\"ImageObject\",\"inLanguage\":\"fi\",\"@id\":\"https:\\\/\\\/redibikes.fi\\\/fi\\\/livelo-bikes\\\/#primaryimage\",\"url\":\"https:\\\/\\\/redibikes.fi\\\/wp-content\\\/uploads\\\/2021\\\/01\\\/livelo-1_1_200327-1.jpg\",\"contentUrl\":\"https:\\\/\\\/redibikes.fi\\\/wp-content\\\/uploads\\\/2021\\\/01\\\/livelo-1_1_200327-1.jpg\",\"width\":1024,\"height\":866},{\"@type\":\"BreadcrumbList\",\"@id\":\"https:\\\/\\\/redibikes.fi\\\/fi\\\/livelo-bikes\\\/#breadcrumb\",\"itemListElement\":[{\"@type\":\"ListItem\",\"position\":1,\"name\":\"Home\",\"item\":\"https:\\\/\\\/redibikes.fi\\\/fi\\\/\"},{\"@type\":\"ListItem\",\"position\":2,\"name\":\"Livelo Bikes\"}]},{\"@type\":\"WebSite\",\"@id\":\"https:\\\/\\\/redibikes.fi\\\/#website\",\"url\":\"https:\\\/\\\/redibikes.fi\\\/\",\"name\":\"redibikes.fi\",\"description\":\"\u00c5terf\u00f6rs\u00e4ljare av Giant och Liv\",\"publisher\":{\"@id\":\"https:\\\/\\\/redibikes.fi\\\/#organization\"},\"potentialAction\":[{\"@type\":\"SearchAction\",\"target\":{\"@type\":\"EntryPoint\",\"urlTemplate\":\"https:\\\/\\\/redibikes.fi\\\/?s={search_term_string}\"},\"query-input\":{\"@type\":\"PropertyValueSpecification\",\"valueRequired\":true,\"valueName\":\"search_term_string\"}}],\"inLanguage\":\"fi\"},{\"@type\":\"Organization\",\"@id\":\"https:\\\/\\\/redibikes.fi\\\/#organization\",\"name\":\"redibikes.fi\",\"url\":\"https:\\\/\\\/redibikes.fi\\\/\",\"logo\":{\"@type\":\"ImageObject\",\"inLanguage\":\"fi\",\"@id\":\"https:\\\/\\\/redibikes.fi\\\/#\\\/schema\\\/logo\\\/image\\\/\",\"url\":\"https:\\\/\\\/redibikes.fi\\\/wp-content\\\/uploads\\\/2020\\\/10\\\/cropped-Full-logo-rektangul\u201er-f\u201erg.png\",\"contentUrl\":\"https:\\\/\\\/redibikes.fi\\\/wp-content\\\/uploads\\\/2020\\\/10\\\/cropped-Full-logo-rektangul\u201er-f\u201erg.png\",\"width\":1281,\"height\":447,\"caption\":\"redibikes.fi\"},\"image\":{\"@id\":\"https:\\\/\\\/redibikes.fi\\\/#\\\/schema\\\/logo\\\/image\\\/\"}}]}<\/script>\n<!-- \/ Yoast SEO plugin. -->","yoast_head_json":{"title":"Livelo Bikes - redibikes.fi","robots":{"index":"index","follow":"follow","max-snippet":"max-snippet:-1","max-image-preview":"max-image-preview:large","max-video-preview":"max-video-preview:-1"},"canonical":"https:\/\/redibikes.fi\/fi\/livelo-bikes\/","og_locale":"fi_FI","og_type":"article","og_title":"Livelo Bikes - redibikes.fi","og_description":"Livelo&nbsp;#1 on&nbsp;s\u00e4hk\u00f6avusteinen&nbsp;perhe- ja&nbsp;kuljetuspy\u00f6r\u00e4, jota&nbsp;voit&nbsp;k\u00e4ytt\u00e4\u00e4&nbsp;ymp\u00e4ri&nbsp;vuoden.&nbsp;Matkusta, aja&nbsp;lapsia,&nbsp;ota&nbsp;koira&nbsp;mukaasi&nbsp;tai tee&nbsp;ostoksia.&nbsp;Ymp\u00e4rist\u00f6yst\u00e4v\u00e4llinen&nbsp;ja&nbsp;aikatehokas&nbsp;tapa&nbsp;matkustaa,&nbsp;joka&nbsp;on&nbsp;my\u00f6s&nbsp;hauska.&nbsp; Turvallisuus&nbsp; Lapset&nbsp;istuvat&nbsp;turvallisesti&nbsp;korissa&nbsp;kolmipistev\u00f6ill\u00e4&nbsp;ja&nbsp;ainutlaatuisella&nbsp;turvajousilla.&nbsp;Hydrauliset&nbsp;levyjarrut&nbsp;edess\u00e4&nbsp;ja&nbsp;takana.&nbsp;Seisontajarru&nbsp;niin,&nbsp;ett\u00e4&nbsp;py\u00f6r\u00e4&nbsp;on&nbsp;turvallinen,&nbsp;kun&nbsp;nouset&nbsp;p\u00e4\u00e4lle&nbsp;ja&nbsp;pois&nbsp;tai&nbsp;poistat&nbsp;lapsia&nbsp;\/&nbsp;kuormia.&nbsp; Suunnittelu&nbsp; Livelo&nbsp;#1&nbsp;erottuu&nbsp;tavarapy\u00f6rien&nbsp;joukossa&nbsp;muotoilultaan. Se on&nbsp;my\u00f6s&nbsp;vain&nbsp;2m&nbsp;pitk\u00e4&nbsp;ja&nbsp;painaa&nbsp;40 kg,&nbsp;mik\u00e4&nbsp;tekee&nbsp;siit\u00e4&nbsp;yhden&nbsp;kompakteimmista&nbsp;rahtipy\u00f6rist\u00e4. Se on 87 cm&nbsp;leve\u00e4,&nbsp;mink\u00e4&nbsp;ansiosta&nbsp;se&nbsp;p\u00e4\u00e4see&nbsp;useimpien&nbsp;ovien&nbsp;l\u00e4pi,&nbsp;jotka&nbsp;ovat&nbsp;yleens\u00e4&nbsp;90 cm&nbsp;leveit\u00e4.&nbsp;Py\u00f6r\u00e4&nbsp;on&nbsp;suunniteltu&nbsp;tarjoamaan&nbsp;sek\u00e4&nbsp;pitkille&nbsp;ett\u00e4&nbsp;lyhyille&nbsp;ihmisille&nbsp;optimaalinen&nbsp;mukavuus&nbsp;ja&nbsp;py\u00f6r\u00e4ilykokemus.&nbsp; Laatu&nbsp; Kevyt&nbsp;alumiininen&nbsp;6061-alumiinirunko,&nbsp;oikea&nbsp;camber-py\u00f6r\u00e4&nbsp;ja KPI-kulmat&nbsp;sek\u00e4&nbsp;ackerman-kompensaatio&nbsp;tarjoavat&nbsp;Livelolle&nbsp;#1 ja&nbsp;vakaita&nbsp;k\u00e4\u00e4nn\u00f6ksi\u00e4.&nbsp;Tektron&nbsp;hydrauliset&nbsp;levyjarrut&nbsp;seisontajarrulla&nbsp;ja&nbsp;Sramin&nbsp;vaihteistoj\u00e4rjestelm\u00e4ll\u00e4.&nbsp; Lis\u00e4tietoja&nbsp;l\u00f6ytyy&nbsp;heid\u00e4n&nbsp;verkkosivuiltaan,&nbsp;https:\/\/livelo.se\/&nbsp; Tule&nbsp;kokeilemaan&nbsp;demopy\u00f6r\u00e4\u00e4mme&nbsp;ja&nbsp;tilaa&nbsp;omasi!&nbsp;","og_url":"https:\/\/redibikes.fi\/fi\/livelo-bikes\/","og_site_name":"redibikes.fi","article_modified_time":"2021-03-13T08:56:40+00:00","og_image":[{"width":1024,"height":866,"url":"https:\/\/redibikes.fi\/wp-content\/uploads\/2021\/01\/livelo-1_1_200327-1.jpg","type":"image\/jpeg"}],"twitter_card":"summary_large_image","twitter_misc":{"Arvioitu lukuaika":"2 minuuttia"},"schema":{"@context":"https:\/\/schema.org","@graph":[{"@type":"WebPage","@id":"https:\/\/redibikes.fi\/fi\/livelo-bikes\/","url":"https:\/\/redibikes.fi\/fi\/livelo-bikes\/","name":"Livelo Bikes - redibikes.fi","isPartOf":{"@id":"https:\/\/redibikes.fi\/#website"},"primaryImageOfPage":{"@id":"https:\/\/redibikes.fi\/fi\/livelo-bikes\/#primaryimage"},"image":{"@id":"https:\/\/redibikes.fi\/fi\/livelo-bikes\/#primaryimage"},"thumbnailUrl":"https:\/\/redibikes.fi\/wp-content\/uploads\/2021\/01\/livelo-1_1_200327-1.jpg","datePublished":"2021-03-12T09:01:46+00:00","dateModified":"2021-03-13T08:56:40+00:00","breadcrumb":{"@id":"https:\/\/redibikes.fi\/fi\/livelo-bikes\/#breadcrumb"},"inLanguage":"fi","potentialAction":[{"@type":"ReadAction","target":["https:\/\/redibikes.fi\/fi\/livelo-bikes\/"]}]},{"@type":"ImageObject","inLanguage":"fi","@id":"https:\/\/redibikes.fi\/fi\/livelo-bikes\/#primaryimage","url":"https:\/\/redibikes.fi\/wp-content\/uploads\/2021\/01\/livelo-1_1_200327-1.jpg","contentUrl":"https:\/\/redibikes.fi\/wp-content\/uploads\/2021\/01\/livelo-1_1_200327-1.jpg","width":1024,"height":866},{"@type":"BreadcrumbList","@id":"https:\/\/redibikes.fi\/fi\/livelo-bikes\/#breadcrumb","itemListElement":[{"@type":"ListItem","position":1,"name":"Home","item":"https:\/\/redibikes.fi\/fi\/"},{"@type":"ListItem","position":2,"name":"Livelo Bikes"}]},{"@type":"WebSite","@id":"https:\/\/redibikes.fi\/#website","url":"https:\/\/redibikes.fi\/","name":"redibikes.fi","description":"\u00c5terf\u00f6rs\u00e4ljare av Giant och Liv","publisher":{"@id":"https:\/\/redibikes.fi\/#organization"},"potentialAction":[{"@type":"SearchAction","target":{"@type":"EntryPoint","urlTemplate":"https:\/\/redibikes.fi\/?s={search_term_string}"},"query-input":{"@type":"PropertyValueSpecification","valueRequired":true,"valueName":"search_term_string"}}],"inLanguage":"fi"},{"@type":"Organization","@id":"https:\/\/redibikes.fi\/#organization","name":"redibikes.fi","url":"https:\/\/redibikes.fi\/","logo":{"@type":"ImageObject","inLanguage":"fi","@id":"https:\/\/redibikes.fi\/#\/schema\/logo\/image\/","url":"https:\/\/redibikes.fi\/wp-content\/uploads\/2020\/10\/cropped-Full-logo-rektangul\u201er-f\u201erg.png","contentUrl":"https:\/\/redibikes.fi\/wp-content\/uploads\/2020\/10\/cropped-Full-logo-rektangul\u201er-f\u201erg.png","width":1281,"height":447,"caption":"redibikes.fi"},"image":{"@id":"https:\/\/redibikes.fi\/#\/schema\/logo\/image\/"}}]}},"_links":{"self":[{"href":"https:\/\/redibikes.fi\/fi\/wp-json\/wp\/v2\/pages\/556","targetHints":{"allow":["GET"]}}],"collection":[{"href":"https:\/\/redibikes.fi\/fi\/wp-json\/wp\/v2\/pages"}],"about":[{"href":"https:\/\/redibikes.fi\/fi\/wp-json\/wp\/v2\/types\/page"}],"author":[{"embeddable":true,"href":"https:\/\/redibikes.fi\/fi\/wp-json\/wp\/v2\/users\/2"}],"replies":[{"embeddable":true,"href":"https:\/\/redibikes.fi\/fi\/wp-json\/wp\/v2\/comments?post=556"}],"version-history":[{"count":4,"href":"https:\/\/redibikes.fi\/fi\/wp-json\/wp\/v2\/pages\/556\/revisions"}],"predecessor-version":[{"id":629,"href":"https:\/\/redibikes.fi\/fi\/wp-json\/wp\/v2\/pages\/556\/revisions\/629"}],"wp:featuredmedia":[{"embeddable":true,"href":"https:\/\/redibikes.fi\/fi\/wp-json\/wp\/v2\/media\/593"}],"wp:attachment":[{"href":"https:\/\/redibikes.fi\/fi\/wp-json\/wp\/v2\/media?parent=556"}],"curies":[{"name":"wp","href":"https:\/\/api.w.org\/{rel}","templated":true}]}}