{"id":625,"date":"2021-03-13T10:31:33","date_gmt":"2021-03-13T08:31:33","guid":{"rendered":"https:\/\/redibikes.fi\/?page_id=625"},"modified":"2024-11-11T11:51:27","modified_gmt":"2024-11-11T09:51:27","slug":"etusivu","status":"publish","type":"page","link":"https:\/\/redibikes.fi\/fi\/","title":{"rendered":"Etusivu"},"content":{"rendered":"\n<div class=\"wp-block-group alignfull\"><div class=\"wp-block-group__inner-container is-layout-flow wp-block-group-is-layout-flow\">\n<p><\/p>\n<\/div><\/div>\n\n<p>Redibikes syntyi, kun me nelj\u00e4 velje\u00e4 istuimme alas ja mietimme, kuinka voisimme alkaa hy\u00f6dynt\u00e4m\u00e4\u00e4n osaamistamme py\u00f6r\u00e4ilyss\u00e4 ja polkupy\u00f6rien huollossa. Yli 20 vuoden kokemuksella py\u00f6r\u00e4ilyst\u00e4, erityisesti maastopy\u00f6r\u00e4ilyst\u00e4, ajattelimme, ett\u00e4 Pietarsaaressa olisi tilaa toiselle py\u00f6r\u00e4liikkeelle, jossa on hyv\u00e4 palvelu ja asiakaspalvelu. Liikunta kaikissa muodoissa on aina ollut olennainen osa el\u00e4m\u00e4\u00e4mme, mutta py\u00f6r\u00e4ily on asia, josta olemme hieman ylim\u00e4\u00e4r\u00e4isi\u00e4. Intohimomme parissa ty\u00f6skenteleminen on ollut pitk\u00e4\u00e4n unelma, nyt siit\u00e4 on vihdoin tulossa totta.&#13;\n<\/p>\n\n<p><strong>1.1.2024 alkaen yhti\u00f6ss\u00e4 on uusi kokoonpano. Filiph ja Joel ovat ne, jotka ovat ottaneet vallan ja jatkavat kuten ennenkin Redibikesin kanssa<\/strong>.<\/p>\n\n<p>Painopisteemme on hyv\u00e4 asiakaspalvelu, haluamme k\u00e4ytt\u00e4\u00e4 laajaa kokemustamme tarjotaksemme asiakkaillemme apua ja opastusta l\u00f6yt\u00e4\u00e4kseen juuri heid\u00e4n tarpeisiinsa ja k\u00e4ytt\u00f6tarkoituksiinsa sopivan py\u00f6r\u00e4n!<\/p>\n\n<p>Jos se on huolto, korjaamme sen, jos olet hakemassa uuden py\u00f6r\u00e4n, l\u00f6yd\u00e4mme sen sinulle, jos joku haluaa vinkkej\u00e4 mukaville py\u00f6r\u00e4reiteille l\u00e4hialueella, niin tarjoamme sen.&#13;\n<\/p>\n\n<p>Olemme vakuuttuneita siit\u00e4, ett\u00e4 py\u00f6r\u00e4ily on tullut j\u00e4\u00e4d\u00e4kseen, eritt\u00e4in hyv\u00e4 ja lempe\u00e4 urheilulaji, joka on mukautettavissa kunnon mukaan ja sopii kaiken ik\u00e4isille.<\/p>\n","protected":false},"excerpt":{"rendered":"<p>Redibikes syntyi, kun me nelj\u00e4 velje\u00e4 istuimme alas ja mietimme, kuinka voisimme alkaa hy\u00f6dynt\u00e4m\u00e4\u00e4n osaamistamme py\u00f6r\u00e4ilyss\u00e4 ja polkupy\u00f6rien huollossa. Yli 20 vuoden kokemuksella py\u00f6r\u00e4ilyst\u00e4, erityisesti maastopy\u00f6r\u00e4ilyst\u00e4, ajattelimme, ett\u00e4 Pietarsaaressa olisi tilaa toiselle py\u00f6r\u00e4liikkeelle, jossa on hyv\u00e4 palvelu ja asiakaspalvelu. Liikunta kaikissa muodoissa on aina&hellip;<\/p>\n","protected":false},"author":1,"featured_media":1013,"parent":0,"menu_order":0,"comment_status":"closed","ping_status":"closed","template":"","meta":{"footnotes":""},"class_list":["post-625","page","type-page","status-publish","has-post-thumbnail","hentry"],"yoast_head":"<!-- This site is optimized with the Yoast SEO plugin v27.5 - https:\/\/yoast.com\/product\/yoast-seo-wordpress\/ -->\n<title>Etusivu - redibikes.fi<\/title>\n<meta name=\"robots\" content=\"index, follow, max-snippet:-1, max-image-preview:large, max-video-preview:-1\" \/>\n<link rel=\"canonical\" href=\"https:\/\/redibikes.fi\/fi\/\" \/>\n<meta property=\"og:locale\" content=\"fi_FI\" \/>\n<meta property=\"og:type\" content=\"article\" \/>\n<meta property=\"og:title\" content=\"Etusivu - redibikes.fi\" \/>\n<meta property=\"og:description\" content=\"Redibikes syntyi, kun me nelj\u00e4 velje\u00e4 istuimme alas ja mietimme, kuinka voisimme alkaa hy\u00f6dynt\u00e4m\u00e4\u00e4n osaamistamme py\u00f6r\u00e4ilyss\u00e4 ja polkupy\u00f6rien huollossa. Yli 20 vuoden kokemuksella py\u00f6r\u00e4ilyst\u00e4, erityisesti maastopy\u00f6r\u00e4ilyst\u00e4, ajattelimme, ett\u00e4 Pietarsaaressa olisi tilaa toiselle py\u00f6r\u00e4liikkeelle, jossa on hyv\u00e4 palvelu ja asiakaspalvelu. Liikunta kaikissa muodoissa on aina&hellip;\" \/>\n<meta property=\"og:url\" content=\"https:\/\/redibikes.fi\/fi\/\" \/>\n<meta property=\"og:site_name\" content=\"redibikes.fi\" \/>\n<meta property=\"article:modified_time\" content=\"2024-11-11T09:51:27+00:00\" \/>\n<meta property=\"og:image\" content=\"https:\/\/redibikes.fi\/wp-content\/uploads\/2021\/01\/20_Giant_OCT_wallpaper_920x1200-e1610206387721.jpg\" \/>\n\t<meta property=\"og:image:width\" content=\"1920\" \/>\n\t<meta property=\"og:image:height\" content=\"1200\" \/>\n\t<meta property=\"og:image:type\" content=\"image\/jpeg\" \/>\n<meta name=\"twitter:card\" content=\"summary_large_image\" \/>\n<meta name=\"twitter:label1\" content=\"Arvioitu lukuaika\" \/>\n\t<meta name=\"twitter:data1\" content=\"1 minuutti\" \/>\n<script type=\"application\/ld+json\" class=\"yoast-schema-graph\">{\"@context\":\"https:\\\/\\\/schema.org\",\"@graph\":[{\"@type\":\"WebPage\",\"@id\":\"https:\\\/\\\/redibikes.fi\\\/fi\\\/\",\"url\":\"https:\\\/\\\/redibikes.fi\\\/fi\\\/\",\"name\":\"Etusivu - redibikes.fi\",\"isPartOf\":{\"@id\":\"https:\\\/\\\/redibikes.fi\\\/#website\"},\"primaryImageOfPage\":{\"@id\":\"https:\\\/\\\/redibikes.fi\\\/fi\\\/#primaryimage\"},\"image\":{\"@id\":\"https:\\\/\\\/redibikes.fi\\\/fi\\\/#primaryimage\"},\"thumbnailUrl\":\"https:\\\/\\\/redibikes.fi\\\/wp-content\\\/uploads\\\/2021\\\/01\\\/20_Giant_OCT_wallpaper_920x1200-e1610206387721.jpg\",\"datePublished\":\"2021-03-13T08:31:33+00:00\",\"dateModified\":\"2024-11-11T09:51:27+00:00\",\"breadcrumb\":{\"@id\":\"https:\\\/\\\/redibikes.fi\\\/fi\\\/#breadcrumb\"},\"inLanguage\":\"fi\",\"potentialAction\":[{\"@type\":\"ReadAction\",\"target\":[\"https:\\\/\\\/redibikes.fi\\\/fi\\\/\"]}]},{\"@type\":\"ImageObject\",\"inLanguage\":\"fi\",\"@id\":\"https:\\\/\\\/redibikes.fi\\\/fi\\\/#primaryimage\",\"url\":\"https:\\\/\\\/redibikes.fi\\\/wp-content\\\/uploads\\\/2021\\\/01\\\/20_Giant_OCT_wallpaper_920x1200-e1610206387721.jpg\",\"contentUrl\":\"https:\\\/\\\/redibikes.fi\\\/wp-content\\\/uploads\\\/2021\\\/01\\\/20_Giant_OCT_wallpaper_920x1200-e1610206387721.jpg\",\"width\":1920,\"height\":1200},{\"@type\":\"BreadcrumbList\",\"@id\":\"https:\\\/\\\/redibikes.fi\\\/fi\\\/#breadcrumb\",\"itemListElement\":[{\"@type\":\"ListItem\",\"position\":1,\"name\":\"Home\",\"item\":\"https:\\\/\\\/redibikes.fi\\\/fi\\\/\"},{\"@type\":\"ListItem\",\"position\":2,\"name\":\"Etusivu\"}]},{\"@type\":\"WebSite\",\"@id\":\"https:\\\/\\\/redibikes.fi\\\/#website\",\"url\":\"https:\\\/\\\/redibikes.fi\\\/\",\"name\":\"redibikes.fi\",\"description\":\"\u00c5terf\u00f6rs\u00e4ljare av Giant och Liv\",\"publisher\":{\"@id\":\"https:\\\/\\\/redibikes.fi\\\/#organization\"},\"potentialAction\":[{\"@type\":\"SearchAction\",\"target\":{\"@type\":\"EntryPoint\",\"urlTemplate\":\"https:\\\/\\\/redibikes.fi\\\/?s={search_term_string}\"},\"query-input\":{\"@type\":\"PropertyValueSpecification\",\"valueRequired\":true,\"valueName\":\"search_term_string\"}}],\"inLanguage\":\"fi\"},{\"@type\":\"Organization\",\"@id\":\"https:\\\/\\\/redibikes.fi\\\/#organization\",\"name\":\"redibikes.fi\",\"url\":\"https:\\\/\\\/redibikes.fi\\\/\",\"logo\":{\"@type\":\"ImageObject\",\"inLanguage\":\"fi\",\"@id\":\"https:\\\/\\\/redibikes.fi\\\/#\\\/schema\\\/logo\\\/image\\\/\",\"url\":\"https:\\\/\\\/redibikes.fi\\\/wp-content\\\/uploads\\\/2020\\\/10\\\/cropped-Full-logo-rektangul\u201er-f\u201erg.png\",\"contentUrl\":\"https:\\\/\\\/redibikes.fi\\\/wp-content\\\/uploads\\\/2020\\\/10\\\/cropped-Full-logo-rektangul\u201er-f\u201erg.png\",\"width\":1281,\"height\":447,\"caption\":\"redibikes.fi\"},\"image\":{\"@id\":\"https:\\\/\\\/redibikes.fi\\\/#\\\/schema\\\/logo\\\/image\\\/\"}}]}<\/script>\n<!-- \/ Yoast SEO plugin. -->","yoast_head_json":{"title":"Etusivu - redibikes.fi","robots":{"index":"index","follow":"follow","max-snippet":"max-snippet:-1","max-image-preview":"max-image-preview:large","max-video-preview":"max-video-preview:-1"},"canonical":"https:\/\/redibikes.fi\/fi\/","og_locale":"fi_FI","og_type":"article","og_title":"Etusivu - redibikes.fi","og_description":"Redibikes syntyi, kun me nelj\u00e4 velje\u00e4 istuimme alas ja mietimme, kuinka voisimme alkaa hy\u00f6dynt\u00e4m\u00e4\u00e4n osaamistamme py\u00f6r\u00e4ilyss\u00e4 ja polkupy\u00f6rien huollossa. Yli 20 vuoden kokemuksella py\u00f6r\u00e4ilyst\u00e4, erityisesti maastopy\u00f6r\u00e4ilyst\u00e4, ajattelimme, ett\u00e4 Pietarsaaressa olisi tilaa toiselle py\u00f6r\u00e4liikkeelle, jossa on hyv\u00e4 palvelu ja asiakaspalvelu. Liikunta kaikissa muodoissa on aina&hellip;","og_url":"https:\/\/redibikes.fi\/fi\/","og_site_name":"redibikes.fi","article_modified_time":"2024-11-11T09:51:27+00:00","og_image":[{"width":1920,"height":1200,"url":"https:\/\/redibikes.fi\/wp-content\/uploads\/2021\/01\/20_Giant_OCT_wallpaper_920x1200-e1610206387721.jpg","type":"image\/jpeg"}],"twitter_card":"summary_large_image","twitter_misc":{"Arvioitu lukuaika":"1 minuutti"},"schema":{"@context":"https:\/\/schema.org","@graph":[{"@type":"WebPage","@id":"https:\/\/redibikes.fi\/fi\/","url":"https:\/\/redibikes.fi\/fi\/","name":"Etusivu - redibikes.fi","isPartOf":{"@id":"https:\/\/redibikes.fi\/#website"},"primaryImageOfPage":{"@id":"https:\/\/redibikes.fi\/fi\/#primaryimage"},"image":{"@id":"https:\/\/redibikes.fi\/fi\/#primaryimage"},"thumbnailUrl":"https:\/\/redibikes.fi\/wp-content\/uploads\/2021\/01\/20_Giant_OCT_wallpaper_920x1200-e1610206387721.jpg","datePublished":"2021-03-13T08:31:33+00:00","dateModified":"2024-11-11T09:51:27+00:00","breadcrumb":{"@id":"https:\/\/redibikes.fi\/fi\/#breadcrumb"},"inLanguage":"fi","potentialAction":[{"@type":"ReadAction","target":["https:\/\/redibikes.fi\/fi\/"]}]},{"@type":"ImageObject","inLanguage":"fi","@id":"https:\/\/redibikes.fi\/fi\/#primaryimage","url":"https:\/\/redibikes.fi\/wp-content\/uploads\/2021\/01\/20_Giant_OCT_wallpaper_920x1200-e1610206387721.jpg","contentUrl":"https:\/\/redibikes.fi\/wp-content\/uploads\/2021\/01\/20_Giant_OCT_wallpaper_920x1200-e1610206387721.jpg","width":1920,"height":1200},{"@type":"BreadcrumbList","@id":"https:\/\/redibikes.fi\/fi\/#breadcrumb","itemListElement":[{"@type":"ListItem","position":1,"name":"Home","item":"https:\/\/redibikes.fi\/fi\/"},{"@type":"ListItem","position":2,"name":"Etusivu"}]},{"@type":"WebSite","@id":"https:\/\/redibikes.fi\/#website","url":"https:\/\/redibikes.fi\/","name":"redibikes.fi","description":"\u00c5terf\u00f6rs\u00e4ljare av Giant och Liv","publisher":{"@id":"https:\/\/redibikes.fi\/#organization"},"potentialAction":[{"@type":"SearchAction","target":{"@type":"EntryPoint","urlTemplate":"https:\/\/redibikes.fi\/?s={search_term_string}"},"query-input":{"@type":"PropertyValueSpecification","valueRequired":true,"valueName":"search_term_string"}}],"inLanguage":"fi"},{"@type":"Organization","@id":"https:\/\/redibikes.fi\/#organization","name":"redibikes.fi","url":"https:\/\/redibikes.fi\/","logo":{"@type":"ImageObject","inLanguage":"fi","@id":"https:\/\/redibikes.fi\/#\/schema\/logo\/image\/","url":"https:\/\/redibikes.fi\/wp-content\/uploads\/2020\/10\/cropped-Full-logo-rektangul\u201er-f\u201erg.png","contentUrl":"https:\/\/redibikes.fi\/wp-content\/uploads\/2020\/10\/cropped-Full-logo-rektangul\u201er-f\u201erg.png","width":1281,"height":447,"caption":"redibikes.fi"},"image":{"@id":"https:\/\/redibikes.fi\/#\/schema\/logo\/image\/"}}]}},"_links":{"self":[{"href":"https:\/\/redibikes.fi\/fi\/wp-json\/wp\/v2\/pages\/625","targetHints":{"allow":["GET"]}}],"collection":[{"href":"https:\/\/redibikes.fi\/fi\/wp-json\/wp\/v2\/pages"}],"about":[{"href":"https:\/\/redibikes.fi\/fi\/wp-json\/wp\/v2\/types\/page"}],"author":[{"embeddable":true,"href":"https:\/\/redibikes.fi\/fi\/wp-json\/wp\/v2\/users\/1"}],"replies":[{"embeddable":true,"href":"https:\/\/redibikes.fi\/fi\/wp-json\/wp\/v2\/comments?post=625"}],"version-history":[{"count":4,"href":"https:\/\/redibikes.fi\/fi\/wp-json\/wp\/v2\/pages\/625\/revisions"}],"predecessor-version":[{"id":1012,"href":"https:\/\/redibikes.fi\/fi\/wp-json\/wp\/v2\/pages\/625\/revisions\/1012"}],"wp:featuredmedia":[{"embeddable":true,"href":"https:\/\/redibikes.fi\/fi\/wp-json\/wp\/v2\/media\/1013"}],"wp:attachment":[{"href":"https:\/\/redibikes.fi\/fi\/wp-json\/wp\/v2\/media?parent=625"}],"curies":[{"name":"wp","href":"https:\/\/api.w.org\/{rel}","templated":true}]}}