{"id":999,"date":"2024-07-08T13:21:26","date_gmt":"2024-07-08T10:21:26","guid":{"rendered":"https:\/\/redibikes.fi\/pyoravuokraus\/"},"modified":"2025-06-09T13:03:17","modified_gmt":"2025-06-09T10:03:17","slug":"pyoravuokraus","status":"publish","type":"page","link":"https:\/\/redibikes.fi\/fi\/pyoravuokraus\/","title":{"rendered":"Py\u00f6r\u00e4vuokraus"},"content":{"rendered":"\n<div class=\"wp-block-columns are-vertically-aligned-top is-layout-flex wp-container-core-columns-is-layout-9d6595d7 wp-block-columns-is-layout-flex\">\n<div class=\"wp-block-column is-layout-flow wp-block-column-is-layout-flow\" style=\"flex-basis:50%\">\n<figure class=\"wp-block-image size-large is-resized\"><a href=\"https:\/\/redibikes.fi\/wp-content\/uploads\/2024\/06\/WhatsApp-Image-2024-06-27-at-10.44.40-858x1024.jpeg\"><img loading=\"lazy\" decoding=\"async\" width=\"858\" height=\"1024\" src=\"https:\/\/redibikes.fi\/wp-content\/uploads\/2024\/06\/WhatsApp-Image-2024-06-27-at-10.44.40-858x1024.jpeg\" alt=\"\" class=\"wp-image-967\" style=\"width:416px;height:auto\" srcset=\"https:\/\/redibikes.fi\/wp-content\/uploads\/2024\/06\/WhatsApp-Image-2024-06-27-at-10.44.40-858x1024.jpeg 858w, https:\/\/redibikes.fi\/wp-content\/uploads\/2024\/06\/WhatsApp-Image-2024-06-27-at-10.44.40-251x300.jpeg 251w, https:\/\/redibikes.fi\/wp-content\/uploads\/2024\/06\/WhatsApp-Image-2024-06-27-at-10.44.40-768x917.jpeg 768w, https:\/\/redibikes.fi\/wp-content\/uploads\/2024\/06\/WhatsApp-Image-2024-06-27-at-10.44.40-1286x1536.jpeg 1286w, https:\/\/redibikes.fi\/wp-content\/uploads\/2024\/06\/WhatsApp-Image-2024-06-27-at-10.44.40-370x442.jpeg 370w, https:\/\/redibikes.fi\/wp-content\/uploads\/2024\/06\/WhatsApp-Image-2024-06-27-at-10.44.40-760x907.jpeg 760w, https:\/\/redibikes.fi\/wp-content\/uploads\/2024\/06\/WhatsApp-Image-2024-06-27-at-10.44.40-390x466.jpeg 390w, https:\/\/redibikes.fi\/wp-content\/uploads\/2024\/06\/WhatsApp-Image-2024-06-27-at-10.44.40.jpeg 1340w\" sizes=\"auto, (max-width: 858px) 100vw, 858px\" \/><\/a><\/figure>\n\n\n\n<figure class=\"wp-block-image size-large\"><a href=\"https:\/\/redibikes.fi\/wp-content\/uploads\/2024\/06\/WhatsApp-Image-2024-06-27-at-10.45.45-3-1024x1024.jpeg\"><img loading=\"lazy\" decoding=\"async\" width=\"1024\" height=\"1024\" src=\"https:\/\/redibikes.fi\/wp-content\/uploads\/2024\/06\/WhatsApp-Image-2024-06-27-at-10.45.45-3-1024x1024.jpeg\" alt=\"\" class=\"wp-image-977\" srcset=\"https:\/\/redibikes.fi\/wp-content\/uploads\/2024\/06\/WhatsApp-Image-2024-06-27-at-10.45.45-3-1024x1024.jpeg 1024w, https:\/\/redibikes.fi\/wp-content\/uploads\/2024\/06\/WhatsApp-Image-2024-06-27-at-10.45.45-3-300x300.jpeg 300w, https:\/\/redibikes.fi\/wp-content\/uploads\/2024\/06\/WhatsApp-Image-2024-06-27-at-10.45.45-3-150x150.jpeg 150w, https:\/\/redibikes.fi\/wp-content\/uploads\/2024\/06\/WhatsApp-Image-2024-06-27-at-10.45.45-3-768x768.jpeg 768w, https:\/\/redibikes.fi\/wp-content\/uploads\/2024\/06\/WhatsApp-Image-2024-06-27-at-10.45.45-3-370x370.jpeg 370w, https:\/\/redibikes.fi\/wp-content\/uploads\/2024\/06\/WhatsApp-Image-2024-06-27-at-10.45.45-3-90x90.jpeg 90w, https:\/\/redibikes.fi\/wp-content\/uploads\/2024\/06\/WhatsApp-Image-2024-06-27-at-10.45.45-3-760x760.jpeg 760w, https:\/\/redibikes.fi\/wp-content\/uploads\/2024\/06\/WhatsApp-Image-2024-06-27-at-10.45.45-3-390x390.jpeg 390w, https:\/\/redibikes.fi\/wp-content\/uploads\/2024\/06\/WhatsApp-Image-2024-06-27-at-10.45.45-3.jpeg 1440w\" sizes=\"auto, (max-width: 1024px) 100vw, 1024px\" \/><\/a><\/figure>\n<\/div>\n\n\n\n<div class=\"wp-block-column is-layout-flow wp-block-column-is-layout-flow\"><\/div>\n\n\n\n<div class=\"wp-block-column is-layout-flow wp-block-column-is-layout-flow\" style=\"flex-basis:50%\">\n<p>Vuokraa meilt\u00e4 s\u00e4hk\u00f6py\u00f6r\u00e4 ja py\u00f6r\u00e4ile mukavia polkuja metsiemme ymp\u00e4rill\u00e4. Nauttikaa s\u00e4\u00e4st\u00e4 ja kauniista luonnosta!<\/p>\n\n\n\n<h6 class=\"wp-block-heading has-text-color has-link-color wp-elements-ca005490d9e02a7601671116579b6575\" style=\"color:#ff0000\">T\u00e4ll\u00e4 hetkell\u00e4 meill\u00e4 ei ole s\u00e4hk\u00e4py\u00f6ri\u00e4 vuokrattavaksi!<\/h6>\n\n\n\n<p>Py\u00f6r\u00e4teline voidaan vuokrata yhdess\u00e4 py\u00f6rien kanssa, tai jos tarvitset vain telineen, sekin toimii.<\/p>\n\n\n\n<figure class=\"wp-block-table is-style-regular\"><table class=\"has-fixed-layout\"><tbody><tr><td class=\"has-text-align-center\" data-align=\"center\">3h<\/td><td class=\"has-text-align-center\" data-align=\"center\">40\u20ac<\/td><\/tr><tr><td class=\"has-text-align-center\" data-align=\"center\">1p\u00e4iv\u00e4(8h)<\/td><td class=\"has-text-align-center\" data-align=\"center\">50\u20ac<\/td><\/tr><tr><td class=\"has-text-align-center\" data-align=\"center\">Vuorokausi<br>Lis\u00e4p\u00e4iv\u00e4<\/td><td class=\"has-text-align-center\" data-align=\"center\">75\u20ac<br>35\u20ac<\/td><\/tr><\/tbody><\/table><figcaption class=\"wp-element-caption\">Py\u00f6r\u00e4n hinnasto<\/figcaption><\/figure>\n\n\n\n<figure class=\"wp-block-table\"><table class=\"has-fixed-layout\"><tbody><tr><td class=\"has-text-align-center\" data-align=\"center\">Vuokraat py\u00f6r\u00e4n\/py\u00f6ri\u00e4<\/td><td class=\"has-text-align-center\" data-align=\"center\">10\u20ac<\/td><\/tr><tr><td class=\"has-text-align-center\" data-align=\"center\">Ainoastaan telineen<\/td><td class=\"has-text-align-center\" data-align=\"center\">20\u20ac\/p\u00e4iv\u00e4<\/td><\/tr><tr><td class=\"has-text-align-center\" data-align=\"center\">Viikonloppu<br>Lis\u00e4p\u00e4iv\u00e4<\/td><td class=\"has-text-align-center\" data-align=\"center\">35\u20ac<br>5\u20ac<\/td><\/tr><\/tbody><\/table><figcaption class=\"wp-element-caption\">Polkupy\u00f6r\u00e4telineen hinnasto<\/figcaption><\/figure>\n\n\n\n<p><\/p>\n<\/div>\n<\/div>\n\n\n\n<p><\/p>\n\n\n\n<h4 class=\"wp-block-heading has-text-color has-link-color wp-elements-4d237a161031c87a3d41d5d83d79107b\" style=\"color:#fe0000\"><strong>HUOM! Kun vuokraat py\u00f6r\u00e4n\/py\u00f6r\u00e4telineen meilt\u00e4, hyv\u00e4ksyt automaattisesti vuokraus- ja korvausehtomme! <\/strong><\/h4>\n\n\n\n<div class=\"wp-block-columns is-layout-flex wp-container-core-columns-is-layout-9d6595d7 wp-block-columns-is-layout-flex\">\n<div class=\"wp-block-column is-layout-flow wp-block-column-is-layout-flow\">\n<h4 class=\"wp-block-heading has-text-align-center\">Vuokrausehdot<\/h4>\n\n\n\n<ol class=\"wp-block-list has-bg-color-color has-text-dark-background-color has-text-color has-background\">\n<li>Vuokraaja on velvollinen korvaamaan py\u00f6r\u00e4n\/py\u00f6r\u00e4telineen katoamisesta tai vuokrav\u00e4lineiden vahingoittumisesta aiheutuneen vahingon k\u00e4yv\u00e4n arvon mukaisesti, ellei h\u00e4n pysty osoittamaan huolehtineensa vuokrav\u00e4lineist\u00e4 huolellisesti. <\/li>\n\n\n\n<li>Vuokraajan tulee viipym\u00e4tt\u00e4 ilmoittaa Redibikesille py\u00f6r\u00e4n\/py\u00f6r\u00e4telineen katoamisesta tai py\u00f6r\u00e4n\/py\u00f6r\u00e4telineen vahingoittumisesta.<\/li>\n\n\n\n<li>Vuokraajan tulee huolehtia vuokrattavasta py\u00f6r\u00e4st\u00e4\/py\u00f6r\u00e4telineest\u00e4 ja toimia huolellisesti. <\/li>\n\n\n\n<li>Vuokraajan on noudatettava Suomessa voimassa olevia liikennes\u00e4\u00e4nt\u00f6j\u00e4 ja -lakeja. <\/li>\n\n\n\n<li>Vuokraaja vuokraa ja py\u00f6r\u00e4ilee omalla vastuullaan ja tulee huolehtia omasta voimassa olevasta vakuutuksestaan. <\/li>\n\n\n\n<li>Jos py\u00f6r\u00e4\/py\u00f6r\u00e4teline katoaa tai varastetaan, vuokraaja on velvollinen korvaamaan Redibikesille vastaavan py\u00f6r\u00e4telineen ostohinnan. <\/li>\n<\/ol>\n\n\n\n<p class=\"has-text-align-left has-bg-color-color has-text-dark-background-color has-text-color has-background\">HUOM! Jos vikoja ilmenee, ota yhteytt\u00e4 Redibikesiin tai palaa Redibikesille viipym\u00e4tt\u00e4 ja ilmoita meille havaitsemistasi vioista\/puutteist <\/p>\n<\/div>\n\n\n\n<div class=\"wp-block-column is-layout-flow wp-block-column-is-layout-flow\">\n<h4 class=\"wp-block-heading has-text-align-center\">Korvausehdot<\/h4>\n\n\n\n<p class=\"has-bg-color-color has-text-dark-background-color has-text-color has-background\">Vuokrattu py\u00f6r\u00e4\/py\u00f6r\u00e4teline on palautettava siin\u00e4 kunnossa, jossa se vuokrattiin. Vuokraaja vastaa py\u00f6r\u00e4st\u00e4\/py\u00f6r\u00e4telineest\u00e4 koko vuokra-ajan, kunnes se on palautettu Redibikesille. Py\u00f6r\u00e4n\/py\u00f6r\u00e4telinett\u00e4 ei saa luovuttaa toiselle henkil\u00f6lle eik\u00e4 vied\u00e4 Suomen rajojen ulkopuolelle. Vuokraaja vastaa itse vuokraamastaan py\u00f6r\u00e4st\u00e4\/py\u00f6r\u00e4telineest\u00e4. Mik\u00e4li py\u00f6r\u00e4\/polkupy\u00f6r\u00e4teline vahingoittuu tai katoaa, vuokraaja on korvausvelvollinen alla olevan hinnaston mukaisesti. <\/p>\n\n\n\n<ul class=\"wp-block-list has-bg-color-color has-text-dark-background-color has-text-color has-background\">\n<li>Runko: 1 000\u20ac<\/li>\n\n\n\n<li>Jarrukahva: 50\u20ac<\/li>\n\n\n\n<li>Takavaihtaja: 200\u20ac<\/li>\n\n\n\n<li>Kammet: 100\u20ac<\/li>\n\n\n\n<li>Polkimet: 50\u20ac<\/li>\n\n\n\n<li>Satula: 50\u20ac<\/li>\n\n\n\n<li>Satulatolppa: 50\u20ac<\/li>\n\n\n\n<li>Kassetti: 150\u20ac<\/li>\n\n\n\n<li>&#8212;&#8212;&#8212;&#8212;&#8212;&#8212;&#8212;&#8212;&#8212;&#8212;&#8212;&#8212;&#8212;&#8212;&#8212;&#8211;<\/li>\n\n\n\n<li>Py\u00f6r\u00e4telineen osien hinnat tarkistetaan sen mukaan, mik\u00e4 on rikki<\/li>\n<\/ul>\n\n\n\n<p><\/p>\n<\/div>\n<\/div>\n\n\n\n<p class=\"has-text-color has-medium-font-size\" style=\"color:#f70505\"><\/p>\n\n\n\n<p><\/p>\n","protected":false},"excerpt":{"rendered":"<p>Vuokraa meilt\u00e4 s\u00e4hk\u00f6py\u00f6r\u00e4 ja py\u00f6r\u00e4ile mukavia polkuja metsiemme ymp\u00e4rill\u00e4. Nauttikaa s\u00e4\u00e4st\u00e4 ja kauniista luonnosta! T\u00e4ll\u00e4 hetkell\u00e4 meill\u00e4 ei ole s\u00e4hk\u00e4py\u00f6ri\u00e4 vuokrattavaksi! Py\u00f6r\u00e4teline voidaan vuokrata yhdess\u00e4 py\u00f6rien kanssa, tai jos tarvitset vain telineen, sekin toimii. 3h 40\u20ac 1p\u00e4iv\u00e4(8h) 50\u20ac VuorokausiLis\u00e4p\u00e4iv\u00e4 75\u20ac35\u20ac Py\u00f6r\u00e4n hinnasto Vuokraat py\u00f6r\u00e4n\/py\u00f6ri\u00e4&hellip;<\/p>\n","protected":false},"author":2,"featured_media":0,"parent":0,"menu_order":0,"comment_status":"closed","ping_status":"closed","template":"","meta":{"footnotes":""},"class_list":["post-999","page","type-page","status-publish","hentry"],"yoast_head":"<!-- This site is optimized with the Yoast SEO plugin v27.5 - https:\/\/yoast.com\/product\/yoast-seo-wordpress\/ -->\n<title>Py\u00f6r\u00e4vuokraus - redibikes.fi<\/title>\n<meta name=\"robots\" content=\"index, follow, max-snippet:-1, max-image-preview:large, max-video-preview:-1\" \/>\n<link rel=\"canonical\" href=\"https:\/\/redibikes.fi\/fi\/pyoravuokraus\/\" \/>\n<meta property=\"og:locale\" content=\"fi_FI\" \/>\n<meta property=\"og:type\" content=\"article\" \/>\n<meta property=\"og:title\" content=\"Py\u00f6r\u00e4vuokraus - redibikes.fi\" \/>\n<meta property=\"og:description\" content=\"Vuokraa meilt\u00e4 s\u00e4hk\u00f6py\u00f6r\u00e4 ja py\u00f6r\u00e4ile mukavia polkuja metsiemme ymp\u00e4rill\u00e4. Nauttikaa s\u00e4\u00e4st\u00e4 ja kauniista luonnosta! T\u00e4ll\u00e4 hetkell\u00e4 meill\u00e4 ei ole s\u00e4hk\u00e4py\u00f6ri\u00e4 vuokrattavaksi! Py\u00f6r\u00e4teline voidaan vuokrata yhdess\u00e4 py\u00f6rien kanssa, tai jos tarvitset vain telineen, sekin toimii. 3h 40\u20ac 1p\u00e4iv\u00e4(8h) 50\u20ac VuorokausiLis\u00e4p\u00e4iv\u00e4 75\u20ac35\u20ac Py\u00f6r\u00e4n hinnasto Vuokraat py\u00f6r\u00e4n\/py\u00f6ri\u00e4&hellip;\" \/>\n<meta property=\"og:url\" content=\"https:\/\/redibikes.fi\/fi\/pyoravuokraus\/\" \/>\n<meta property=\"og:site_name\" content=\"redibikes.fi\" \/>\n<meta property=\"article:modified_time\" content=\"2025-06-09T10:03:17+00:00\" \/>\n<meta property=\"og:image\" content=\"https:\/\/redibikes.fi\/wp-content\/uploads\/2024\/06\/WhatsApp-Image-2024-06-27-at-10.44.40.jpeg\" \/>\n\t<meta property=\"og:image:width\" content=\"1340\" \/>\n\t<meta property=\"og:image:height\" content=\"1600\" \/>\n\t<meta property=\"og:image:type\" content=\"image\/jpeg\" \/>\n<meta name=\"twitter:card\" content=\"summary_large_image\" \/>\n<meta name=\"twitter:label1\" content=\"Arvioitu lukuaika\" \/>\n\t<meta name=\"twitter:data1\" content=\"2 minuuttia\" \/>\n<script type=\"application\/ld+json\" class=\"yoast-schema-graph\">{\"@context\":\"https:\\\/\\\/schema.org\",\"@graph\":[{\"@type\":\"WebPage\",\"@id\":\"https:\\\/\\\/redibikes.fi\\\/fi\\\/pyoravuokraus\\\/\",\"url\":\"https:\\\/\\\/redibikes.fi\\\/fi\\\/pyoravuokraus\\\/\",\"name\":\"Py\u00f6r\u00e4vuokraus - redibikes.fi\",\"isPartOf\":{\"@id\":\"https:\\\/\\\/redibikes.fi\\\/#website\"},\"primaryImageOfPage\":{\"@id\":\"https:\\\/\\\/redibikes.fi\\\/fi\\\/pyoravuokraus\\\/#primaryimage\"},\"image\":{\"@id\":\"https:\\\/\\\/redibikes.fi\\\/fi\\\/pyoravuokraus\\\/#primaryimage\"},\"thumbnailUrl\":\"https:\\\/\\\/redibikes.fi\\\/wp-content\\\/uploads\\\/2024\\\/06\\\/WhatsApp-Image-2024-06-27-at-10.44.40-858x1024.jpeg\",\"datePublished\":\"2024-07-08T10:21:26+00:00\",\"dateModified\":\"2025-06-09T10:03:17+00:00\",\"breadcrumb\":{\"@id\":\"https:\\\/\\\/redibikes.fi\\\/fi\\\/pyoravuokraus\\\/#breadcrumb\"},\"inLanguage\":\"fi\",\"potentialAction\":[{\"@type\":\"ReadAction\",\"target\":[\"https:\\\/\\\/redibikes.fi\\\/fi\\\/pyoravuokraus\\\/\"]}]},{\"@type\":\"ImageObject\",\"inLanguage\":\"fi\",\"@id\":\"https:\\\/\\\/redibikes.fi\\\/fi\\\/pyoravuokraus\\\/#primaryimage\",\"url\":\"https:\\\/\\\/redibikes.fi\\\/wp-content\\\/uploads\\\/2024\\\/06\\\/WhatsApp-Image-2024-06-27-at-10.44.40-858x1024.jpeg\",\"contentUrl\":\"https:\\\/\\\/redibikes.fi\\\/wp-content\\\/uploads\\\/2024\\\/06\\\/WhatsApp-Image-2024-06-27-at-10.44.40-858x1024.jpeg\"},{\"@type\":\"BreadcrumbList\",\"@id\":\"https:\\\/\\\/redibikes.fi\\\/fi\\\/pyoravuokraus\\\/#breadcrumb\",\"itemListElement\":[{\"@type\":\"ListItem\",\"position\":1,\"name\":\"Home\",\"item\":\"https:\\\/\\\/redibikes.fi\\\/fi\\\/\"},{\"@type\":\"ListItem\",\"position\":2,\"name\":\"Py\u00f6r\u00e4vuokraus\"}]},{\"@type\":\"WebSite\",\"@id\":\"https:\\\/\\\/redibikes.fi\\\/#website\",\"url\":\"https:\\\/\\\/redibikes.fi\\\/\",\"name\":\"redibikes.fi\",\"description\":\"\u00c5terf\u00f6rs\u00e4ljare av Giant och Liv\",\"publisher\":{\"@id\":\"https:\\\/\\\/redibikes.fi\\\/#organization\"},\"potentialAction\":[{\"@type\":\"SearchAction\",\"target\":{\"@type\":\"EntryPoint\",\"urlTemplate\":\"https:\\\/\\\/redibikes.fi\\\/?s={search_term_string}\"},\"query-input\":{\"@type\":\"PropertyValueSpecification\",\"valueRequired\":true,\"valueName\":\"search_term_string\"}}],\"inLanguage\":\"fi\"},{\"@type\":\"Organization\",\"@id\":\"https:\\\/\\\/redibikes.fi\\\/#organization\",\"name\":\"redibikes.fi\",\"url\":\"https:\\\/\\\/redibikes.fi\\\/\",\"logo\":{\"@type\":\"ImageObject\",\"inLanguage\":\"fi\",\"@id\":\"https:\\\/\\\/redibikes.fi\\\/#\\\/schema\\\/logo\\\/image\\\/\",\"url\":\"https:\\\/\\\/redibikes.fi\\\/wp-content\\\/uploads\\\/2020\\\/10\\\/cropped-Full-logo-rektangul\u201er-f\u201erg.png\",\"contentUrl\":\"https:\\\/\\\/redibikes.fi\\\/wp-content\\\/uploads\\\/2020\\\/10\\\/cropped-Full-logo-rektangul\u201er-f\u201erg.png\",\"width\":1281,\"height\":447,\"caption\":\"redibikes.fi\"},\"image\":{\"@id\":\"https:\\\/\\\/redibikes.fi\\\/#\\\/schema\\\/logo\\\/image\\\/\"}}]}<\/script>\n<!-- \/ Yoast SEO plugin. -->","yoast_head_json":{"title":"Py\u00f6r\u00e4vuokraus - redibikes.fi","robots":{"index":"index","follow":"follow","max-snippet":"max-snippet:-1","max-image-preview":"max-image-preview:large","max-video-preview":"max-video-preview:-1"},"canonical":"https:\/\/redibikes.fi\/fi\/pyoravuokraus\/","og_locale":"fi_FI","og_type":"article","og_title":"Py\u00f6r\u00e4vuokraus - redibikes.fi","og_description":"Vuokraa meilt\u00e4 s\u00e4hk\u00f6py\u00f6r\u00e4 ja py\u00f6r\u00e4ile mukavia polkuja metsiemme ymp\u00e4rill\u00e4. Nauttikaa s\u00e4\u00e4st\u00e4 ja kauniista luonnosta! T\u00e4ll\u00e4 hetkell\u00e4 meill\u00e4 ei ole s\u00e4hk\u00e4py\u00f6ri\u00e4 vuokrattavaksi! Py\u00f6r\u00e4teline voidaan vuokrata yhdess\u00e4 py\u00f6rien kanssa, tai jos tarvitset vain telineen, sekin toimii. 3h 40\u20ac 1p\u00e4iv\u00e4(8h) 50\u20ac VuorokausiLis\u00e4p\u00e4iv\u00e4 75\u20ac35\u20ac Py\u00f6r\u00e4n hinnasto Vuokraat py\u00f6r\u00e4n\/py\u00f6ri\u00e4&hellip;","og_url":"https:\/\/redibikes.fi\/fi\/pyoravuokraus\/","og_site_name":"redibikes.fi","article_modified_time":"2025-06-09T10:03:17+00:00","og_image":[{"width":1340,"height":1600,"url":"https:\/\/redibikes.fi\/wp-content\/uploads\/2024\/06\/WhatsApp-Image-2024-06-27-at-10.44.40.jpeg","type":"image\/jpeg"}],"twitter_card":"summary_large_image","twitter_misc":{"Arvioitu lukuaika":"2 minuuttia"},"schema":{"@context":"https:\/\/schema.org","@graph":[{"@type":"WebPage","@id":"https:\/\/redibikes.fi\/fi\/pyoravuokraus\/","url":"https:\/\/redibikes.fi\/fi\/pyoravuokraus\/","name":"Py\u00f6r\u00e4vuokraus - redibikes.fi","isPartOf":{"@id":"https:\/\/redibikes.fi\/#website"},"primaryImageOfPage":{"@id":"https:\/\/redibikes.fi\/fi\/pyoravuokraus\/#primaryimage"},"image":{"@id":"https:\/\/redibikes.fi\/fi\/pyoravuokraus\/#primaryimage"},"thumbnailUrl":"https:\/\/redibikes.fi\/wp-content\/uploads\/2024\/06\/WhatsApp-Image-2024-06-27-at-10.44.40-858x1024.jpeg","datePublished":"2024-07-08T10:21:26+00:00","dateModified":"2025-06-09T10:03:17+00:00","breadcrumb":{"@id":"https:\/\/redibikes.fi\/fi\/pyoravuokraus\/#breadcrumb"},"inLanguage":"fi","potentialAction":[{"@type":"ReadAction","target":["https:\/\/redibikes.fi\/fi\/pyoravuokraus\/"]}]},{"@type":"ImageObject","inLanguage":"fi","@id":"https:\/\/redibikes.fi\/fi\/pyoravuokraus\/#primaryimage","url":"https:\/\/redibikes.fi\/wp-content\/uploads\/2024\/06\/WhatsApp-Image-2024-06-27-at-10.44.40-858x1024.jpeg","contentUrl":"https:\/\/redibikes.fi\/wp-content\/uploads\/2024\/06\/WhatsApp-Image-2024-06-27-at-10.44.40-858x1024.jpeg"},{"@type":"BreadcrumbList","@id":"https:\/\/redibikes.fi\/fi\/pyoravuokraus\/#breadcrumb","itemListElement":[{"@type":"ListItem","position":1,"name":"Home","item":"https:\/\/redibikes.fi\/fi\/"},{"@type":"ListItem","position":2,"name":"Py\u00f6r\u00e4vuokraus"}]},{"@type":"WebSite","@id":"https:\/\/redibikes.fi\/#website","url":"https:\/\/redibikes.fi\/","name":"redibikes.fi","description":"\u00c5terf\u00f6rs\u00e4ljare av Giant och Liv","publisher":{"@id":"https:\/\/redibikes.fi\/#organization"},"potentialAction":[{"@type":"SearchAction","target":{"@type":"EntryPoint","urlTemplate":"https:\/\/redibikes.fi\/?s={search_term_string}"},"query-input":{"@type":"PropertyValueSpecification","valueRequired":true,"valueName":"search_term_string"}}],"inLanguage":"fi"},{"@type":"Organization","@id":"https:\/\/redibikes.fi\/#organization","name":"redibikes.fi","url":"https:\/\/redibikes.fi\/","logo":{"@type":"ImageObject","inLanguage":"fi","@id":"https:\/\/redibikes.fi\/#\/schema\/logo\/image\/","url":"https:\/\/redibikes.fi\/wp-content\/uploads\/2020\/10\/cropped-Full-logo-rektangul\u201er-f\u201erg.png","contentUrl":"https:\/\/redibikes.fi\/wp-content\/uploads\/2020\/10\/cropped-Full-logo-rektangul\u201er-f\u201erg.png","width":1281,"height":447,"caption":"redibikes.fi"},"image":{"@id":"https:\/\/redibikes.fi\/#\/schema\/logo\/image\/"}}]}},"_links":{"self":[{"href":"https:\/\/redibikes.fi\/fi\/wp-json\/wp\/v2\/pages\/999","targetHints":{"allow":["GET"]}}],"collection":[{"href":"https:\/\/redibikes.fi\/fi\/wp-json\/wp\/v2\/pages"}],"about":[{"href":"https:\/\/redibikes.fi\/fi\/wp-json\/wp\/v2\/types\/page"}],"author":[{"embeddable":true,"href":"https:\/\/redibikes.fi\/fi\/wp-json\/wp\/v2\/users\/2"}],"replies":[{"embeddable":true,"href":"https:\/\/redibikes.fi\/fi\/wp-json\/wp\/v2\/comments?post=999"}],"version-history":[{"count":5,"href":"https:\/\/redibikes.fi\/fi\/wp-json\/wp\/v2\/pages\/999\/revisions"}],"predecessor-version":[{"id":1062,"href":"https:\/\/redibikes.fi\/fi\/wp-json\/wp\/v2\/pages\/999\/revisions\/1062"}],"wp:attachment":[{"href":"https:\/\/redibikes.fi\/fi\/wp-json\/wp\/v2\/media?parent=999"}],"curies":[{"name":"wp","href":"https:\/\/api.w.org\/{rel}","templated":true}]}}